{"id":212,"date":"2019-07-13T06:59:31","date_gmt":"2019-07-13T06:59:31","guid":{"rendered":"https:\/\/demo.hellowp.io\/33\/?page_id=5560"},"modified":"2025-06-15T20:25:41","modified_gmt":"2025-06-15T20:25:41","slug":"bemutatkozo","status":"publish","type":"page","link":"https:\/\/szeretetkonyham.com\/?page_id=212","title":{"rendered":"Bemutatkoz\u00f3"},"content":{"rendered":"<p>[et_pb_section fb_built=&#8221;1&#8243; custom_padding_last_edited=&#8221;on|phone&#8221; admin_label=&#8221;Section &#8211; About header&#8221; _builder_version=&#8221;4.16&#8243; background_color=&#8221;#e6c0b3&#8243; background_enable_image=&#8221;off&#8221; background_blend=&#8221;multiply&#8221; custom_padding=&#8221;7px||148px||false|false&#8221; custom_padding_tablet=&#8221;100px||100px|&#8221; custom_padding_phone=&#8221;75px||75px|&#8221; global_colors_info=&#8221;{}&#8221;][et_pb_row _builder_version=&#8221;4.16&#8243; background_size=&#8221;initial&#8221; background_position=&#8221;top_left&#8221; background_repeat=&#8221;repeat&#8221; global_colors_info=&#8221;{}&#8221;][et_pb_column type=&#8221;4_4&#8243; _builder_version=&#8221;4.16&#8243; custom_padding=&#8221;|||&#8221; global_colors_info=&#8221;{}&#8221; custom_padding__hover=&#8221;|||&#8221;][et_pb_text content_tablet=&#8221;&#8221; content_phone=&#8221;&#8221; content_last_edited=&#8221;on|desktop&#8221; admin_label=&#8221;About Page Top Header &#8211; Text&#8221; _builder_version=&#8221;4.16&#8243; text_font=&#8221;Alex Brush|300|||||||&#8221; text_text_color=&#8221;#ffffff&#8221; text_font_size=&#8221;20px&#8221; header_font=&#8221;Alex Brush|700|||||||&#8221; header_text_color=&#8221;#4d2524&#8243; header_font_size=&#8221;60px&#8221; text_orientation=&#8221;center&#8221; module_alignment=&#8221;center&#8221; text_font_size_tablet=&#8221;19px&#8221; text_font_size_phone=&#8221;17px&#8221; text_font_size_last_edited=&#8221;on|phone&#8221; header_font_size_tablet=&#8221;50px&#8221; header_font_size_phone=&#8221;35px&#8221; header_font_size_last_edited=&#8221;on|desktop&#8221; global_colors_info=&#8221;{}&#8221;]<\/p>\n<h1>Szeretetkonyh\u00e1m &#8211; Bemutatkoz\u00e1s<\/h1>\n<p>[\/et_pb_text][\/et_pb_column][\/et_pb_row][\/et_pb_section][et_pb_section fb_built=&#8221;1&#8243; custom_padding_last_edited=&#8221;on|desktop&#8221; admin_label=&#8221;Section &#8211; About content&#8221; _builder_version=&#8221;4.16&#8243; custom_padding=&#8221;0px||0||false|false&#8221; custom_padding_tablet=&#8221;50px|||&#8221; custom_padding_phone=&#8221;&#8221; global_colors_info=&#8221;{}&#8221;][et_pb_row column_structure=&#8221;1_3,2_3&#8243; use_custom_gutter=&#8221;on&#8221; gutter_width=&#8221;1&#8243; make_equal=&#8221;on&#8221; custom_padding_last_edited=&#8221;on|phone&#8221; module_class=&#8221;about-page-content&#8221; _builder_version=&#8221;4.16&#8243; custom_margin_tablet=&#8221;&#8221; custom_margin_phone=&#8221;&#8221; custom_margin_last_edited=&#8221;on|desktop&#8221; custom_padding=&#8221;0px|||87px||&#8221; custom_padding_tablet=&#8221;&#8221; custom_padding_phone=&#8221;|||23px|false|false&#8221; global_colors_info=&#8221;{}&#8221;][et_pb_column type=&#8221;1_3&#8243; _builder_version=&#8221;4.16&#8243; background_color=&#8221;#ffffff&#8221; custom_padding=&#8221;75px|50px|30px|50px&#8221; custom_padding_tablet=&#8221;30px|0px|0px|0px&#8221; custom_padding_phone=&#8221;&#8221; custom_padding_last_edited=&#8221;on|desktop&#8221; global_colors_info=&#8221;{}&#8221; custom_padding__hover=&#8221;|||&#8221;][et_pb_image src=&#8221;https:\/\/szeretetkonyham.hu\/wp-content\/uploads\/2021\/11\/allobemutatkozos.jpg&#8221; title_text=&#8221;allobemutatkozos&#8221; align=&#8221;center&#8221; align_tablet=&#8221;&#8221; align_phone=&#8221;&#8221; align_last_edited=&#8221;on|phone&#8221; _builder_version=&#8221;4.16&#8243; transform_scale_tablet=&#8221;&#8221; transform_scale_phone=&#8221;156%|156%&#8221; transform_scale_last_edited=&#8221;on|phone&#8221; transform_translate_tablet=&#8221;&#8221; transform_translate_phone=&#8221;44px|-67px&#8221; transform_translate_last_edited=&#8221;on|phone&#8221; transform_rotate_tablet=&#8221;&#8221; transform_rotate_phone=&#8221;&#8221; transform_rotate_last_edited=&#8221;on|phone&#8221; transform_skew_tablet=&#8221;&#8221; transform_skew_phone=&#8221;&#8221; transform_skew_last_edited=&#8221;on|phone&#8221; transform_origin_tablet=&#8221;&#8221; transform_origin_phone=&#8221;52%|44%&#8221; transform_origin_last_edited=&#8221;on|phone&#8221; transform_styles_last_edited=&#8221;on|phone&#8221; custom_margin_tablet=&#8221;&#8221; custom_margin_phone=&#8221;|63px|||false|false&#8221; custom_margin_last_edited=&#8221;on|phone&#8221; transform_styles_tablet=&#8221;&#8221; transform_styles_phone=&#8221;&#8221; border_width_all=&#8221;0px&#8221; border_color_all=&#8221;#e6c0b3&#8243; border_radii_tablet=&#8221;&#8221; border_radii_phone=&#8221;off||||&#8221; border_radii_last_edited=&#8221;on|phone&#8221; global_colors_info=&#8221;{}&#8221;][\/et_pb_image][\/et_pb_column][et_pb_column type=&#8221;2_3&#8243; _builder_version=&#8221;4.16&#8243; background_color=&#8221;#ffffff&#8221; custom_padding=&#8221;75px|50px|30px|50px&#8221; custom_padding_tablet=&#8221;30px|0px|0px|0px&#8221; custom_padding_phone=&#8221;&#8221; custom_padding_last_edited=&#8221;on|desktop&#8221; global_colors_info=&#8221;{}&#8221; custom_padding__hover=&#8221;|||&#8221;][et_pb_text _builder_version=&#8221;4.21.0&#8243; text_font=&#8221;Abhaya Libre||||||||&#8221; text_text_color=&#8221;#000000&#8243; text_font_size=&#8221;17px&#8221; header_font=&#8221;Abhaya Libre||||||||&#8221; header_text_color=&#8221;#000000&#8243; header_font_size=&#8221;17px&#8221; custom_margin_tablet=&#8221;&#8221; custom_margin_phone=&#8221;|-140px|||false|false&#8221; custom_margin_last_edited=&#8221;on|phone&#8221; custom_padding=&#8221;|80px|0px||false|false&#8221; global_colors_info=&#8221;{}&#8221;]<\/p>\n<p>Vincze-Pint\u00e9r M\u00f3nika vagyok, 5 gyermek \u00e9desanyja, okleveles gy\u00f3gypedag\u00f3gus, \u00f3vodapedag\u00f3gus \u00e9s n\u00e9met szakos tan\u00edt\u00f3.<\/p>\n<p>\u00a0Multiallergi\u00e1s csal\u00e1dunkban glut\u00e9n-tej-\u00e9s toj\u00e1smentesen f\u0151z\u00f6k-s\u00fct\u00f6k. Oldalamon ez ir\u00e1nyban kaphat cikkekkel, receptekkel kapcsolatos seg\u00edts\u00e9get az ide l\u00e1togat\u00f3.<\/p>\n<p>F\u0151z\u0151estjeimen a glut\u00e9n-tej \u00e9s toj\u00e1smentes f\u0151z\u00e9s-s\u00fct\u00e9s rejtelmeibe avatom be az \u00e9rdekl\u0151d\u0151ket.<\/p>\n<p>Pedag\u00f3gusk\u00e9nt mott\u00f3m, hogy tev\u00e9kenykedj\u00fcnk, f\u0151zz\u00fcnk-s\u00fcss\u00fcnk egy\u00fctt a gyerekkel! Seg\u00edts\u00fck a gyermeket az \u00f6n\u00e1ll\u00f3s\u00e1g \u00fatj\u00e1n! Nevelj\u00fck seg\u00edt\u0151k\u00e9szs\u00e9gre, kreativit\u00e1sra, probl\u00e9mamegold\u00f3 gondolkod\u00e1sra! Ha a gyermeknek megfelel\u0151 k\u00f6rnyezetet alak\u00edtunk ki, \u0151 maga is k\u00e9pes lesz elsaj\u00e1t\u00edtani a sz\u00e1m\u00e1ra megfelel\u0151 tud\u00e1st.<\/p>\n<p>[\/et_pb_text][\/et_pb_column][\/et_pb_row][et_pb_row column_structure=&#8221;3_5,2_5&#8243; _builder_version=&#8221;4.16&#8243; custom_margin_tablet=&#8221;&#8221; custom_margin_phone=&#8221;|29px|||false|false&#8221; custom_margin_last_edited=&#8221;on|phone&#8221; custom_padding=&#8221;|0px|||false|false&#8221; global_colors_info=&#8221;{}&#8221;][et_pb_column type=&#8221;3_5&#8243; _builder_version=&#8221;4.16&#8243; global_colors_info=&#8221;{}&#8221;][et_pb_text _builder_version=&#8221;4.16&#8243; text_font=&#8221;Abhaya Libre||||||||&#8221; text_text_color=&#8221;#000000&#8243; text_font_size=&#8221;17px&#8221; header_font=&#8221;Abhaya Libre||||||||&#8221; header_text_color=&#8221;#000000&#8243; header_font_size=&#8221;15px&#8221; custom_margin_tablet=&#8221;&#8221; custom_margin_phone=&#8221;|-39px|||false|false&#8221; custom_margin_last_edited=&#8221;on|phone&#8221; text_font_size_tablet=&#8221;&#8221; text_font_size_phone=&#8221;15px&#8221; text_font_size_last_edited=&#8221;on|phone&#8221; global_colors_info=&#8221;{}&#8221;]<\/p>\n<p style=\"text-align: left\">\n<p>Hagyjuk a gyereket \u00f6n\u00e1ll\u00f3an cselekedni, vagyis mindent, amire k\u00e9pes, v\u00e9gezze el saj\u00e1t maga! Az \u00f6n\u00e1ll\u00f3 cselekv\u00e9shez biztos\u00edtani kell sz\u00e1m\u00e1ra a megfelel\u0151 k\u00f6rnyezetet \u00e9s a megfelel\u0151 eszk\u00f6z\u00f6ket. Oldalamon sz\u00e1mos eszk\u00f6zt tal\u00e1lsz arra, hogy gyermeked \u00f6ntev\u00e9kenys\u00e9g\u00e9t biztos\u00edtsd.<\/p>\n<p>A gyerekek nagyon k\u00edv\u00e1ncsiak \u00e9s tud\u00e1st szerezni csak tapasztalatszerz\u00e9ssel, tev\u00e9kenykedtet\u00e9ssel lehet. A gyermeked saj\u00e1t cselekv\u00e9se \u00e1ltal szerzett tapasztalata alapj\u00e1n szerzi meg a tud\u00e1st \u00e9s fedezi fel a vil\u00e1got. \u00c9letkor\u00e1nak megfelel\u0151en a tev\u00e9kenys\u00e9gek sor\u00e1n \u00f6nmag\u00e1t fejleszti. Az eszk\u00f6z\u00f6kkel val\u00f3 babr\u00e1l\u00e1s \u00f6r\u00f6met okoz sz\u00e1m\u00e1ra, mik\u00f6zben k\u00e9pess\u00e9gei is fejl\u0151dnek, \u00e9s \u00e9szrev\u00e9tlen \u00f6r\u00f6mteli tanul\u00e1s t\u00f6rt\u00e9nik. Egy-egy ilyen tev\u00e9kenys\u00e9g a k\u00e9s\u0151bbi \u00edr\u00e1s-olvas\u00e1st is el\u0151k\u00e9sz\u00edti.<\/p>\n<p style=\"text-align: left\">\n<p>[\/et_pb_text][\/et_pb_column][et_pb_column type=&#8221;2_5&#8243; _builder_version=&#8221;4.16&#8243; global_colors_info=&#8221;{}&#8221;][et_pb_image src=&#8221;https:\/\/szeretetkonyham.hu\/wp-content\/uploads\/2021\/11\/257263710_870010596997759_1002859443919077260_n-scaled.jpg&#8221; title_text=&#8221;257263710_870010596997759_1002859443919077260_n&#8221; _builder_version=&#8221;4.16&#8243; border_width_all=&#8221;0px&#8221; border_color_all=&#8221;#e6c0b3&#8243; border_radii_tablet=&#8221;&#8221; border_radii_phone=&#8221;&#8221; border_radii_last_edited=&#8221;on|phone&#8221; box_shadow_style=&#8221;preset1&#8243; global_colors_info=&#8221;{}&#8221;][\/et_pb_image][\/et_pb_column][\/et_pb_row][et_pb_row _builder_version=&#8221;4.16&#8243; custom_margin=&#8221;-40px|auto||auto||&#8221; global_colors_info=&#8221;{}&#8221;][et_pb_column type=&#8221;4_4&#8243; _builder_version=&#8221;4.16&#8243; global_colors_info=&#8221;{}&#8221;][et_pb_text _builder_version=&#8221;4.16&#8243; text_font=&#8221;Abhaya Libre||||||||&#8221; text_text_color=&#8221;#000000&#8243; text_font_size=&#8221;17px&#8221; header_font=&#8221;Abhaya Libre||||||||&#8221; header_text_color=&#8221;#000000&#8243; header_font_size=&#8221;15px&#8221; custom_margin_tablet=&#8221;&#8221; custom_margin_phone=&#8221;|-97px|||false|false&#8221; custom_margin_last_edited=&#8221;on|phone&#8221; global_colors_info=&#8221;{}&#8221;]<\/p>\n<p style=\"text-align: left\">Ne ismereteket k\u00f6z\u00f6lj\u00fcnk, hanem eszk\u00f6z\u00f6ket adjunk a gyermek kez\u00e9be!<\/p>\n<p style=\"text-align: left\">Az \u00e1ltalam forgalmazott eszk\u00f6z\u00f6k<\/p>\n<p style=\"text-align: left\">\u00b7\u00a0\u00a0\u00a0\u00a0\u00a0\u00a0\u00a0\u00a0 m\u00e9ret\u00fckben a gyermek kez\u00e9hez igazodnak<br \/> \u00b7\u00a0\u00a0\u00a0\u00a0\u00a0\u00a0\u00a0\u00a0 min\u0151s\u00e9gi anyagb\u00f3l k\u00e9sz\u00fclnek, eszt\u00e9tikusak<br \/> \u00b7\u00a0\u00a0\u00a0\u00a0\u00a0\u00a0\u00a0\u00a0 sz\u00edn\u00e9ben, m\u00e9ret\u00e9ben cselekv\u00e9sre motiv\u00e1lja a gyermekeket<br \/> \u00b7\u00a0\u00a0\u00a0\u00a0\u00a0\u00a0\u00a0\u00a0 k\u00f6nnyen tiszt\u00edthat\u00f3ak<\/p>\n<p style=\"text-align: left\">\u00d6r\u00f6mteli j\u00e1t\u00e9kos tanul\u00e1st \u00e9s finom falatokat k\u00edv\u00e1nok mindenkinek!<\/p>\n<p>[\/et_pb_text][et_pb_text _builder_version=&#8221;4.16&#8243; text_font=&#8221;Alex Brush||||||||&#8221; text_text_color=&#8221;#000000&#8243; text_font_size=&#8221;32px&#8221; header_font=&#8221;Mountains of Christmas||||||||&#8221; header_text_color=&#8221;#000000&#8243; header_font_size=&#8221;29px&#8221; transform_translate=&#8221;11px|0px&#8221; global_colors_info=&#8221;{}&#8221;]<\/p>\n<p>M\u00f3nika<\/p>\n<p>[\/et_pb_text][\/et_pb_column][\/et_pb_row][\/et_pb_section]<\/p>\n","protected":false},"excerpt":{"rendered":"<p>Szeretetkonyh\u00e1m &#8211; Bemutatkoz\u00e1sVincze-Pint\u00e9r M\u00f3nika vagyok, 5 gyermek \u00e9desanyja, okleveles gy\u00f3gypedag\u00f3gus, \u00f3vodapedag\u00f3gus \u00e9s n\u00e9met szakos tan\u00edt\u00f3. \u00a0Multiallergi\u00e1s csal\u00e1dunkban glut\u00e9n-tej-\u00e9s toj\u00e1smentesen f\u0151z\u00f6k-s\u00fct\u00f6k. Oldalamon ez ir\u00e1nyban kaphat cikkekkel, receptekkel kapcsolatos seg\u00edts\u00e9get az ide l\u00e1togat\u00f3. F\u0151z\u0151estjeimen a glut\u00e9n-tej \u00e9s toj\u00e1smentes f\u0151z\u00e9s-s\u00fct\u00e9s rejtelmeibe avatom be az \u00e9rdekl\u0151d\u0151ket. Pedag\u00f3gusk\u00e9nt mott\u00f3m, hogy tev\u00e9kenykedj\u00fcnk, f\u0151zz\u00fcnk-s\u00fcss\u00fcnk egy\u00fctt a gyerekkel! Seg\u00edts\u00fck a gyermeket az \u00f6n\u00e1ll\u00f3s\u00e1g [&hellip;]<\/p>\n","protected":false},"author":1,"featured_media":0,"parent":0,"menu_order":0,"comment_status":"closed","ping_status":"closed","template":"","meta":{"_et_pb_use_builder":"on","_et_pb_old_content":"","_et_gb_content_width":"","footnotes":""},"class_list":["post-212","page","type-page","status-publish","hentry"],"_links":{"self":[{"href":"https:\/\/szeretetkonyham.com\/index.php?rest_route=\/wp\/v2\/pages\/212","targetHints":{"allow":["GET"]}}],"collection":[{"href":"https:\/\/szeretetkonyham.com\/index.php?rest_route=\/wp\/v2\/pages"}],"about":[{"href":"https:\/\/szeretetkonyham.com\/index.php?rest_route=\/wp\/v2\/types\/page"}],"author":[{"embeddable":true,"href":"https:\/\/szeretetkonyham.com\/index.php?rest_route=\/wp\/v2\/users\/1"}],"replies":[{"embeddable":true,"href":"https:\/\/szeretetkonyham.com\/index.php?rest_route=%2Fwp%2Fv2%2Fcomments&post=212"}],"version-history":[{"count":33,"href":"https:\/\/szeretetkonyham.com\/index.php?rest_route=\/wp\/v2\/pages\/212\/revisions"}],"predecessor-version":[{"id":3416,"href":"https:\/\/szeretetkonyham.com\/index.php?rest_route=\/wp\/v2\/pages\/212\/revisions\/3416"}],"wp:attachment":[{"href":"https:\/\/szeretetkonyham.com\/index.php?rest_route=%2Fwp%2Fv2%2Fmedia&parent=212"}],"curies":[{"name":"wp","href":"https:\/\/api.w.org\/{rel}","templated":true}]}}