{"id":423,"date":"2021-11-15T16:12:53","date_gmt":"2021-11-15T16:12:53","guid":{"rendered":"https:\/\/szeretetkonyham.hu\/?page_id=423"},"modified":"2026-02-10T18:49:20","modified_gmt":"2026-02-10T18:49:20","slug":"media-megjelenes","status":"publish","type":"page","link":"https:\/\/szeretetkonyham.com\/?page_id=423","title":{"rendered":"M\u00e9diamegjelen\u00e9s"},"content":{"rendered":"<p>[et_pb_section fb_built=&#8221;1&#8243; custom_padding_last_edited=&#8221;on|phone&#8221; admin_label=&#8221;Section &#8211; About header&#8221; _builder_version=&#8221;4.16&#8243; background_color=&#8221;#e6c0b3&#8243; background_enable_image=&#8221;off&#8221; background_blend=&#8221;multiply&#8221; custom_padding=&#8221;7px||148px||false|false&#8221; custom_padding_tablet=&#8221;100px||100px|&#8221; custom_padding_phone=&#8221;75px||75px|&#8221; global_colors_info=&#8221;{}&#8221;][et_pb_row _builder_version=&#8221;4.16&#8243; background_size=&#8221;initial&#8221; background_position=&#8221;top_left&#8221; background_repeat=&#8221;repeat&#8221; global_colors_info=&#8221;{}&#8221;][et_pb_column type=&#8221;4_4&#8243; _builder_version=&#8221;4.16&#8243; custom_padding=&#8221;|||&#8221; global_colors_info=&#8221;{}&#8221; custom_padding__hover=&#8221;|||&#8221;][et_pb_text content_tablet=&#8221;&#8221; content_phone=&#8221;&#8221; content_last_edited=&#8221;on|desktop&#8221; admin_label=&#8221;About Page Top Header &#8211; Text&#8221; _builder_version=&#8221;4.16&#8243; text_font=&#8221;Alex Brush|300|||||||&#8221; text_text_color=&#8221;#58302e&#8221; text_font_size=&#8221;60px&#8221; header_font=&#8221;Alex Brush|700|||||||&#8221; header_text_color=&#8221;#4d2524&#8243; header_font_size=&#8221;66px&#8221; text_orientation=&#8221;center&#8221; module_alignment=&#8221;center&#8221; text_font_size_tablet=&#8221;19px&#8221; text_font_size_phone=&#8221;17px&#8221; text_font_size_last_edited=&#8221;on|phone&#8221; header_font_size_tablet=&#8221;50px&#8221; header_font_size_phone=&#8221;35px&#8221; header_font_size_last_edited=&#8221;on|desktop&#8221; global_colors_info=&#8221;{}&#8221;]<\/p>\n<p>M\u00e9diamegjelen\u00e9sek<\/p>\n<p>[\/et_pb_text][\/et_pb_column][\/et_pb_row][\/et_pb_section][et_pb_section fb_built=&#8221;1&#8243; custom_padding_last_edited=&#8221;on|desktop&#8221; admin_label=&#8221;Section &#8211; About content&#8221; _builder_version=&#8221;4.16&#8243; custom_padding=&#8221;0px||0||false|false&#8221; custom_padding_tablet=&#8221;50px|||&#8221; custom_padding_phone=&#8221;&#8221; global_colors_info=&#8221;{}&#8221;][et_pb_row column_structure=&#8221;1_2,1_2&#8243; use_custom_gutter=&#8221;on&#8221; gutter_width=&#8221;1&#8243; make_equal=&#8221;on&#8221; module_class=&#8221;about-page-content&#8221; _builder_version=&#8221;4.16&#8243; custom_margin_tablet=&#8221;&#8221; custom_margin_phone=&#8221;&#8221; custom_margin_last_edited=&#8221;on|desktop&#8221; custom_padding=&#8221;0px|||&#8221; global_colors_info=&#8221;{}&#8221;][et_pb_column type=&#8221;1_2&#8243; _builder_version=&#8221;4.16&#8243; background_color=&#8221;#ffffff&#8221; custom_padding=&#8221;75px|50px|30px|50px&#8221; custom_padding_tablet=&#8221;30px|0px|0px|0px&#8221; custom_padding_phone=&#8221;&#8221; custom_padding_last_edited=&#8221;on|desktop&#8221; global_colors_info=&#8221;{}&#8221; custom_padding__hover=&#8221;|||&#8221;][et_pb_blurb title=&#8221;               Sl\u00e1ger Fm Szani Rolanddal, Budapest, 2021. okt\u00f3ber 14.&#8221; image=&#8221;https:\/\/szeretetkonyham.hu\/wp-content\/uploads\/2021\/12\/264474325_768576334098732_2574748482010476180_n.jpg&#8221; _builder_version=&#8221;4.16&#8243; header_font=&#8221;Allan||||||||&#8221; header_font_size=&#8221;20px&#8221; global_colors_info=&#8221;{}&#8221;][\/et_pb_blurb][et_pb_video _builder_version=&#8221;4.21.0&#8243; _module_preset=&#8221;default&#8221; global_colors_info=&#8221;{}&#8221; src__hover_enabled=&#8221;on|hover&#8221; src__hover=&#8221;https:\/\/www.youtube.com\/watch?app=desktop&#038;v=YPHNCAQqTz8&#038;t=4s&#038;fbclid=IwAR2Ix-TmR6PbeDeaJw5yXreo34IntJdlqYRsd-UxjlknK9TiHJgLdEDnnjQ&#8221;][\/et_pb_video][et_pb_video src=&#8221;https:\/\/youtu.be\/YPHNCAQqTz8&#8243; _builder_version=&#8221;4.21.0&#8243; _module_preset=&#8221;default&#8221; custom_margin=&#8221;||30px|||&#8221; global_colors_info=&#8221;{}&#8221; src__hover_enabled=&#8221;on|desktop&#8221; src__hover=&#8221;https:\/\/youtu.be\/YPHNCAQqTz8&#8243;][\/et_pb_video][et_pb_blurb title=&#8221;TV2 Fald Fel! 4. \u00e9vad 25. r\u00e9sz Halloween&#8221; url=&#8221;https:\/\/tv2play.hu\/fald_fel\/fald_fel_iv_evad_25_resz?fbclid=IwAR3EtlqP9QpguSTP6AAZ-zgt9i6q6BJGnbcif4aeRXP9P6WzsaaCoLJjJVI&#8221; image=&#8221;https:\/\/szeretetkonyham.hu\/wp-content\/uploads\/2023\/11\/Fald-Fel.png&#8221; _builder_version=&#8221;4.21.0&#8243; header_font=&#8221;Allan||||||||&#8221; header_font_size=&#8221;20px&#8221; global_colors_info=&#8221;{}&#8221;][\/et_pb_blurb][et_pb_blurb title=&#8221;TV2 Fald Fel! 4. \u00e9vad 32. r\u00e9sz   Kar\u00e1csony&#8221; url=&#8221;https:\/\/tv2play.hu\/fald_fel\/fald_fel_iv_evad_32_resz&#8221; image=&#8221;https:\/\/szeretetkonyham.hu\/wp-content\/uploads\/2024\/01\/ff32.png&#8221; _builder_version=&#8221;4.23.1&#8243; header_font=&#8221;Allan||||||||&#8221; header_font_size=&#8221;20px&#8221; global_colors_info=&#8221;{}&#8221;][\/et_pb_blurb][et_pb_blurb title=&#8221;Csal\u00e1di k\u00f6r 2024. 06. 06-i ad\u00e1s , 1. r\u00e9sz&#8221; url=&#8221;https:\/\/mediaklikk.hu\/video\/2024\/06\/06\/csaladi-kor-2024-06-06-i-adas-1-resz\/&#8221; image=&#8221;https:\/\/szeretetkonyham.hu\/wp-content\/uploads\/2024\/06\/448002772_7540596149321305_6986843438159966430_n.jpg&#8221; _builder_version=&#8221;4.25.2&#8243; header_font=&#8221;Allan||||||||&#8221; header_font_size=&#8221;20px&#8221; global_colors_info=&#8221;{}&#8221;][\/et_pb_blurb][et_pb_blurb title=&#8221;Csal\u00e1d-bar\u00e1t 2024.02.02-i ad\u00e1s, 2. r\u00e9sz&#8221; url=&#8221;https:\/\/mediaklikk.hu\/video\/2024\/02\/02\/csalad-barat-2024-02-02-i-adas-2-resz&#8221; image=&#8221;https:\/\/szeretetkonyham.hu\/wp-content\/uploads\/2024\/02\/gfdgfd.png&#8221; _builder_version=&#8221;4.23.1&#8243; header_font=&#8221;Allan||||||||&#8221; header_font_size=&#8221;20px&#8221; global_colors_info=&#8221;{}&#8221;][\/et_pb_blurb][et_pb_blurb title=&#8221;Gy\u0151r Plusz R\u00e1di\u00f3: Az \u00e9telallergi\u00e1kr\u00f3l \u00e1ltal\u00e1ban&#8221; url=&#8221;https:\/\/soundcloud.com\/user-990025914\/mentesen-is-teljesen-a-gyor-radioban-elso-resz?si=5efe6cd4ffdd40d894b0c585622a5587&#038;utm_source=clipboard&#038;utm_medium=text&#038;utm_campaign=social_sharing&#8221; image=&#8221;https:\/\/szeretetkonyham.hu\/wp-content\/uploads\/2025\/05\/2869356b-d984-4da8-809d-cde3f415834f.jpg&#8221; _builder_version=&#8221;4.25.2&#8243; header_font=&#8221;Allan||||||||&#8221; header_font_size=&#8221;20px&#8221; global_colors_info=&#8221;{}&#8221;][\/et_pb_blurb][et_pb_blurb title=&#8221;Gy\u0151r Plusz R\u00e1di\u00f3: Tej-\u00e9s toj\u00e1sallergi\u00e1r\u00f3l&#8221; url=&#8221;https:\/\/soundcloud.com\/user-990025914\/mentesen-is-teljesen-3-resz-tej-tojas?si=fe1dc1b9481143eb8aa2112365facd76&#038;utm_source=clipboard&#038;utm_medium=text&#038;utm_campaign=social_sharing&#8221; image=&#8221;https:\/\/szeretetkonyham.hu\/wp-content\/uploads\/2025\/05\/9859b7fc-c63d-4d1a-bfe4-fd4f58f342fd.jpg&#8221; _builder_version=&#8221;4.25.2&#8243; header_font=&#8221;Allan||||||||&#8221; header_font_size=&#8221;20px&#8221; global_colors_info=&#8221;{}&#8221;][\/et_pb_blurb][et_pb_blurb title=&#8221;Csal\u00e1d-bar\u00e1t 2025.12.17-i ad\u00e1s&#8221; url=&#8221;https:\/\/mediaklikk.hu\/csalad-barat-video\/video\/2025\/12\/17\/csalad-barat-2025-12-17-i-adas-2-resz\/&#8221; image=&#8221;https:\/\/szeretetkonyham.hu\/wp-content\/uploads\/2026\/02\/5b2538f0-cfbf-45aa-88db-671ca4eb63e3.jpg&#8221; _builder_version=&#8221;4.25.2&#8243; header_font=&#8221;Allan||||||||&#8221; header_font_size=&#8221;20px&#8221; hover_enabled=&#8221;0&#8243; global_colors_info=&#8221;{}&#8221; title_text=&#8221;5b2538f0-cfbf-45aa-88db-671ca4eb63e3&#8243; sticky_enabled=&#8221;0&#8243;][\/et_pb_blurb][\/et_pb_column][et_pb_column type=&#8221;1_2&#8243; _builder_version=&#8221;4.16&#8243; background_color=&#8221;#ffffff&#8221; custom_padding=&#8221;75px|50px|30px|50px&#8221; custom_padding_tablet=&#8221;30px|0px|0px|0px&#8221; custom_padding_phone=&#8221;&#8221; custom_padding_last_edited=&#8221;on|desktop&#8221; global_colors_info=&#8221;{}&#8221; custom_padding__hover=&#8221;|||&#8221;][et_pb_blurb title=&#8221; Karc Fm Farkas Beatrix-szel a Sp\u00e1jz c\u00edm\u0171 m\u0171sorban, Budapest,       2021.  november 10.&#8221; image=&#8221;https:\/\/szeretetkonyham.hu\/wp-content\/uploads\/2021\/12\/IMG-a72d781b6142fca4decc43c1fe2b2ab7-V.jpg&#8221; _builder_version=&#8221;4.16&#8243; header_font=&#8221;Allan||||||||&#8221; header_font_size=&#8221;20px&#8221; global_colors_info=&#8221;{}&#8221;][\/et_pb_blurb][et_pb_blurb title=&#8221; Online k\u00f6nyvbemutat\u00f3 a Boook Kiad\u00f3ban, Solt\u00e9sz Erzs\u00e9bet      dietetikussal. Budapest, 2021. november 10.&#8221; image=&#8221;https:\/\/szeretetkonyham.hu\/wp-content\/uploads\/2021\/12\/IMG-3669cfbfe90c5a84dfe3a2351de15b08-V.jpg&#8221; _builder_version=&#8221;4.16&#8243; header_font=&#8221;Allan||||||||&#8221; header_font_size=&#8221;20px&#8221; global_colors_info=&#8221;{}&#8221;][\/et_pb_blurb][et_pb_blurb title=&#8221;Gasztro-podcast &#8211; Pint\u00e9r M\u00f3nika: Mentesen is teljesen!&#8221; url=&#8221;https:\/\/www.kisalfold.hu\/helyi-eletstilus\/2023\/05\/gasztro-podcast-pinter-monika-mentesen-is-teljesen?fbclid=IwAR3l3EKmloItB7Go9DI9XpprRGijGeRacQ1SOueLlLobpg7AlZuae17CQM8&#8243; image=&#8221;https:\/\/szeretetkonyham.hu\/wp-content\/uploads\/2023\/06\/Monika.png&#8221; _builder_version=&#8221;4.21.0&#8243; header_font=&#8221;Allan||||||||&#8221; header_font_size=&#8221;20px&#8221; global_colors_info=&#8221;{}&#8221;][\/et_pb_blurb][et_pb_blurb title=&#8221;Men\u00fctervez\u00e9ssel a stresszmentes konyh\u00e1\u00e9rt &#8211; Pint\u00e9r M\u00f3nik\u00e1val besz\u00e9lgett\u00fcnk&#8221; url=&#8221;https:\/\/www.youtube.com\/watch?v=kiIFHXftqBk&#8221; image=&#8221;https:\/\/szeretetkonyham.hu\/wp-content\/uploads\/2023\/10\/gfgfgf.png&#8221; _builder_version=&#8221;4.21.0&#8243; header_font=&#8221;Allan||||||||&#8221; header_font_size=&#8221;20px&#8221; global_colors_info=&#8221;{}&#8221;][\/et_pb_blurb][et_pb_blurb title=&#8221;Egy\u00fctt k\u00e9sz\u00fclt\u00fcnk az \u00fcnnepekre Vincze-Pint\u00e9r M\u00f3nik\u00e1val + receptek&#8221; url=&#8221;https:\/\/www.kisalfold.hu\/helyi-eletstilus\/2023\/12\/egyutt-keszultunk-az-unnepekre-vincze-pinter-monikaval-receptek&#8221; image=&#8221;https:\/\/szeretetkonyham.hu\/wp-content\/uploads\/2024\/01\/mmmm.jpg&#8221; _builder_version=&#8221;4.23.1&#8243; header_font=&#8221;Allan||||||||&#8221; header_font_size=&#8221;20px&#8221; global_colors_info=&#8221;{}&#8221;][\/et_pb_blurb][et_pb_blurb title=&#8221;TV2 Fald Fel! 4. \u00e9vad 30. r\u00e9sz Mikul\u00e1s&#8221; url=&#8221;https:\/\/tv2play.hu\/fald_fel\/fald_fel_iv_evad_30_resz&#8221; image=&#8221;https:\/\/szeretetkonyham.hu\/wp-content\/uploads\/2024\/01\/ftt.jpg&#8221; _builder_version=&#8221;4.23.1&#8243; header_font=&#8221;Allan||||||||&#8221; header_font_size=&#8221;20px&#8221; global_colors_info=&#8221;{}&#8221;][\/et_pb_blurb][et_pb_blurb title=&#8221;Csal\u00e1d-bar\u00e1t, 2024.05.03-i ad\u00e1s, 2. r\u00e9sz&#8221; url=&#8221;https:\/\/mediaklikk.hu\/csalad-barat-video\/video\/2024\/05\/03\/csalad-barat-2024-05-03-i-adas-2-resz\/?fbclid=IwZXh0bgNhZW0CMTAAAR1kRGMkEYZN86879h_FQrM3MfbmPRL1h6DHzirM09KElcRCN23O6zrw37Q_aem_AXYIniLu7pA2FU9UVsYInpjgk3s694_L29RA0AsBJ41Hj8pPtwWL9gtiqkC6CLCE9SBVlAvBVzdn1-Lq0vW6ImD7&#8243; image=&#8221;https:\/\/szeretetkonyham.hu\/wp-content\/uploads\/2024\/05\/Nevtelen.jpg&#8221; _builder_version=&#8221;4.24.3&#8243; header_font=&#8221;Allan||||||||&#8221; header_font_size=&#8221;20px&#8221; global_colors_info=&#8221;{}&#8221;][\/et_pb_blurb][et_pb_blurb title=&#8221;Csal\u00e1d-bar\u00e1t, 2024.12.04-i ad\u00e1s, 2. r\u00e9sz&#8221; url=&#8221;https:\/\/mediaklikk.hu\/csalad-barat-video\/video\/2024\/12\/04\/csalad-barat-2024-12-04-i-adas-2-resz\/?fbclid=IwY2xjawHVP_BleHRuA2FlbQIxMAABHbKhTPfVhjUBrridxLaX8Rz0Zo-RLjndsWTXC-jZUKRIBGrcCCpApdqEyQ_aem_X1oYMUj6HO8rhiW-gdACrA&#8221; image=&#8221;https:\/\/szeretetkonyham.hu\/wp-content\/uploads\/2024\/12\/Nekep.png&#8221; _builder_version=&#8221;4.25.2&#8243; header_font=&#8221;Allan||||||||&#8221; header_font_size=&#8221;20px&#8221; global_colors_info=&#8221;{}&#8221;][\/et_pb_blurb][et_pb_blurb title=&#8221;Csal\u00e1d-bar\u00e1t: K\u00f6z\u00f6s f\u0151z\u00e9s a gyerekekkel&#8221; url=&#8221;https:\/\/www.facebook.com\/watch?v=3840701829509782&#8243; image=&#8221;https:\/\/szeretetkonyham.hu\/wp-content\/uploads\/2024\/12\/Nevtelfgfgfgfen.png&#8221; _builder_version=&#8221;4.25.2&#8243; header_font=&#8221;Allan||||||||&#8221; header_font_size=&#8221;20px&#8221; global_colors_info=&#8221;{}&#8221;][\/et_pb_blurb][et_pb_blurb title=&#8221;Gy\u0151r Plusz R\u00e1di\u00f3: A glut\u00e9n\u00e9rz\u00e9kenys\u00e9gr\u0151l&#8221; url=&#8221;https:\/\/soundcloud.com\/user-990025914\/mentesen-is-teljesen-2-resz-a-gluten?si=1025efb878764a12aa87e5f84b518179&#038;utm_source=clipboard&#038;utm_medium=text&#038;utm_campaign=social_sharing&#8221; image=&#8221;https:\/\/szeretetkonyham.hu\/wp-content\/uploads\/2025\/05\/ce0dca7d-004a-4975-941a-5adebdab99f6.jpg&#8221; _builder_version=&#8221;4.25.2&#8243; header_font=&#8221;Allan||||||||&#8221; header_font_size=&#8221;20px&#8221; global_colors_info=&#8221;{}&#8221;][\/et_pb_blurb][et_pb_blurb title=&#8221;Gy\u0151r Plusz R\u00e1di\u00f3: Az \u00e9telallergia t\u00e1rsadalmi helyzete napjainkban&#8221; url=&#8221;https:\/\/soundcloud.com\/user-990025914\/mentesen-is-teljesen-zaroadas&#8221; image=&#8221;https:\/\/szeretetkonyham.hu\/wp-content\/uploads\/2025\/05\/bb6ca1e7-e8dc-4460-991a-8e753d3d7ff6.jpg&#8221; _builder_version=&#8221;4.25.2&#8243; header_font=&#8221;Allan||||||||&#8221; header_font_size=&#8221;20px&#8221; global_colors_info=&#8221;{}&#8221;][\/et_pb_blurb][\/et_pb_column][\/et_pb_row][\/et_pb_section]<\/p>\n","protected":false},"excerpt":{"rendered":"<p>M\u00e9diamegjelen\u00e9sek<\/p>\n","protected":false},"author":1,"featured_media":0,"parent":0,"menu_order":0,"comment_status":"closed","ping_status":"closed","template":"","meta":{"_et_pb_use_builder":"on","_et_pb_old_content":"<!-- wp:divi\/placeholder \/-->","_et_gb_content_width":"","footnotes":""},"class_list":["post-423","page","type-page","status-publish","hentry"],"_links":{"self":[{"href":"https:\/\/szeretetkonyham.com\/index.php?rest_route=\/wp\/v2\/pages\/423","targetHints":{"allow":["GET"]}}],"collection":[{"href":"https:\/\/szeretetkonyham.com\/index.php?rest_route=\/wp\/v2\/pages"}],"about":[{"href":"https:\/\/szeretetkonyham.com\/index.php?rest_route=\/wp\/v2\/types\/page"}],"author":[{"embeddable":true,"href":"https:\/\/szeretetkonyham.com\/index.php?rest_route=\/wp\/v2\/users\/1"}],"replies":[{"embeddable":true,"href":"https:\/\/szeretetkonyham.com\/index.php?rest_route=%2Fwp%2Fv2%2Fcomments&post=423"}],"version-history":[{"count":46,"href":"https:\/\/szeretetkonyham.com\/index.php?rest_route=\/wp\/v2\/pages\/423\/revisions"}],"predecessor-version":[{"id":3508,"href":"https:\/\/szeretetkonyham.com\/index.php?rest_route=\/wp\/v2\/pages\/423\/revisions\/3508"}],"wp:attachment":[{"href":"https:\/\/szeretetkonyham.com\/index.php?rest_route=%2Fwp%2Fv2%2Fmedia&parent=423"}],"curies":[{"name":"wp","href":"https:\/\/api.w.org\/{rel}","templated":true}]}}