{"id":1087,"date":"2022-03-05T17:07:25","date_gmt":"2022-03-05T17:07:25","guid":{"rendered":"https:\/\/szeretetkonyham.hu\/?post_type=product&#038;p=1087"},"modified":"2022-10-26T09:53:50","modified_gmt":"2022-10-26T09:53:50","slug":"tortabeszuro-3","status":"publish","type":"product","link":"https:\/\/szeretetkonyham.com\/?product=tortabeszuro-3","title":{"rendered":"Tortabesz\u00far\u00f3 3."},"content":{"rendered":"","protected":false},"excerpt":{"rendered":"<p>PLA \u00e9tkez\u00e9si m\u0171anyag.<\/p>\n","protected":false},"featured_media":1088,"comment_status":"open","ping_status":"closed","template":"","meta":{"_et_pb_use_builder":"","_et_pb_old_content":"","_et_gb_content_width":""},"product_brand":[],"product_cat":[49],"product_tag":[],"class_list":{"0":"post-1087","1":"product","2":"type-product","3":"status-publish","4":"has-post-thumbnail","6":"product_cat-tortabeszurok","8":"first","9":"instock","10":"shipping-taxable","11":"purchasable","12":"product-type-simple"},"_links":{"self":[{"href":"https:\/\/szeretetkonyham.com\/index.php?rest_route=\/wp\/v2\/product\/1087","targetHints":{"allow":["GET"]}}],"collection":[{"href":"https:\/\/szeretetkonyham.com\/index.php?rest_route=\/wp\/v2\/product"}],"about":[{"href":"https:\/\/szeretetkonyham.com\/index.php?rest_route=\/wp\/v2\/types\/product"}],"replies":[{"embeddable":true,"href":"https:\/\/szeretetkonyham.com\/index.php?rest_route=%2Fwp%2Fv2%2Fcomments&post=1087"}],"wp:featuredmedia":[{"embeddable":true,"href":"https:\/\/szeretetkonyham.com\/index.php?rest_route=\/wp\/v2\/media\/1088"}],"wp:attachment":[{"href":"https:\/\/szeretetkonyham.com\/index.php?rest_route=%2Fwp%2Fv2%2Fmedia&parent=1087"}],"wp:term":[{"taxonomy":"product_brand","embeddable":true,"href":"https:\/\/szeretetkonyham.com\/index.php?rest_route=%2Fwp%2Fv2%2Fproduct_brand&post=1087"},{"taxonomy":"product_cat","embeddable":true,"href":"https:\/\/szeretetkonyham.com\/index.php?rest_route=%2Fwp%2Fv2%2Fproduct_cat&post=1087"},{"taxonomy":"product_tag","embeddable":true,"href":"https:\/\/szeretetkonyham.com\/index.php?rest_route=%2Fwp%2Fv2%2Fproduct_tag&post=1087"}],"curies":[{"name":"wp","href":"https:\/\/api.w.org\/{rel}","templated":true}]}}