{"id":1243,"date":"2022-04-18T14:27:25","date_gmt":"2022-04-18T14:27:25","guid":{"rendered":"https:\/\/szeretetkonyham.hu\/?post_type=product&#038;p=1243"},"modified":"2025-01-02T12:40:36","modified_gmt":"2025-01-02T12:40:36","slug":"receptes-fuzet-4","status":"publish","type":"product","link":"https:\/\/szeretetkonyham.com\/?product=receptes-fuzet-4","title":{"rendered":"Receptes f\u00fczet 4."},"content":{"rendered":"<p><span class=\"tojvnm2t a6sixzi8 abs2jz4q a8s20v7p t1p8iaqh k5wvi7nf q3lfd5jv pk4s997a bipmatt0 cebpdrjk qowsmv63 owwhemhu dp1hu0rb dhp61c6y iyyx5f41\">A5-\u00f6s m\u00e9ret (21 x 14.8 cm), 60 lap, 120 oldal. Spir\u00e1lozott. Els\u0151 \u00e9s utols\u00f3 oldala kem\u00e9ny lapos, nyomott m\u0171anyag.<br \/>\n<\/span><\/p>\n","protected":false},"excerpt":{"rendered":"<p>A5-\u00f6s m\u00e9ret (21 x 14.8 cm), 60 lap, 120 oldal. Spir\u00e1lozott. Els\u0151 \u00e9s utols\u00f3 oldala kem\u00e9ny lapos, nyomott m\u0171anyag.<\/p>\n","protected":false},"featured_media":1244,"comment_status":"open","ping_status":"closed","template":"","meta":{"_et_pb_use_builder":"","_et_pb_old_content":"","_et_gb_content_width":""},"product_brand":[],"product_cat":[181],"product_tag":[],"class_list":{"0":"post-1243","1":"product","2":"type-product","3":"status-publish","4":"has-post-thumbnail","6":"product_cat-receptes-fuzetek","8":"first","9":"instock","10":"shipping-taxable","11":"purchasable","12":"product-type-simple"},"_links":{"self":[{"href":"https:\/\/szeretetkonyham.com\/index.php?rest_route=\/wp\/v2\/product\/1243","targetHints":{"allow":["GET"]}}],"collection":[{"href":"https:\/\/szeretetkonyham.com\/index.php?rest_route=\/wp\/v2\/product"}],"about":[{"href":"https:\/\/szeretetkonyham.com\/index.php?rest_route=\/wp\/v2\/types\/product"}],"replies":[{"embeddable":true,"href":"https:\/\/szeretetkonyham.com\/index.php?rest_route=%2Fwp%2Fv2%2Fcomments&post=1243"}],"wp:featuredmedia":[{"embeddable":true,"href":"https:\/\/szeretetkonyham.com\/index.php?rest_route=\/wp\/v2\/media\/1244"}],"wp:attachment":[{"href":"https:\/\/szeretetkonyham.com\/index.php?rest_route=%2Fwp%2Fv2%2Fmedia&parent=1243"}],"wp:term":[{"taxonomy":"product_brand","embeddable":true,"href":"https:\/\/szeretetkonyham.com\/index.php?rest_route=%2Fwp%2Fv2%2Fproduct_brand&post=1243"},{"taxonomy":"product_cat","embeddable":true,"href":"https:\/\/szeretetkonyham.com\/index.php?rest_route=%2Fwp%2Fv2%2Fproduct_cat&post=1243"},{"taxonomy":"product_tag","embeddable":true,"href":"https:\/\/szeretetkonyham.com\/index.php?rest_route=%2Fwp%2Fv2%2Fproduct_tag&post=1243"}],"curies":[{"name":"wp","href":"https:\/\/api.w.org\/{rel}","templated":true}]}}