{"id":1245,"date":"2022-04-18T14:29:49","date_gmt":"2022-04-18T14:29:49","guid":{"rendered":"https:\/\/szeretetkonyham.hu\/?post_type=product&#038;p=1245"},"modified":"2023-01-25T08:50:56","modified_gmt":"2023-01-25T08:50:56","slug":"anyak-napi-sutiszaggato-es-kekszpecset-szett-5-darabos-viragos","status":"publish","type":"product","link":"https:\/\/szeretetkonyham.com\/?product=anyak-napi-sutiszaggato-es-kekszpecset-szett-5-darabos-viragos","title":{"rendered":"Any\u00e1k Napi s\u00fctiszaggat\u00f3 \u00e9s kekszpecs\u00e9t szett 5 darabos VIR\u00c1GOS"},"content":{"rendered":"<p><img loading=\"lazy\" decoding=\"async\" class=\"alignnone size-medium wp-image-1248\" src=\"https:\/\/szeretetkonyham.hu\/wp-content\/uploads\/2022\/04\/20220415_130327-279x300.jpg\" alt=\"\" width=\"279\" height=\"300\" \/> \u00a0\u00a0\u00a0\u00a0\u00a0 <img loading=\"lazy\" decoding=\"async\" class=\"alignnone size-medium wp-image-1247\" src=\"https:\/\/szeretetkonyham.hu\/wp-content\/uploads\/2022\/04\/20220415_130539-300x220.jpg\" alt=\"\" width=\"300\" height=\"220\" \/><\/p>\n","protected":false},"excerpt":{"rendered":"<p>Anyaga: PLA BIO \u00e9lelmiszeripari min\u0151s\u00edt\u00e9s\u0171 m\u0171anyag! A PLA biol\u00f3giailag leboml\u00f3 m\u0171anyag. Haszn\u00e1lati utas\u00edt\u00e1s: A form\u00e1kat haszn\u00e1lat el\u0151tt javasolt hideg v\u00edzzel r\u00f6vid ideig puha s\u00f6rt\u00e9j\u0171 kef\u00e9vel \u00e1tmosni. Haszn\u00e1lat ut\u00e1n a fent eml\u00edtett m\u00f3don tiszt\u00edthat\u00f3. (mosogat\u00f3g\u00e9pben, \u00e9s forr\u00f3 v\u00edzben NEM tiszt\u00edthat\u00f3) Praktikai tan\u00e1csok: Nyom\u00e1s el\u0151tt picit belisztezve nem tapad r\u00e1 nagy m\u00e9rt\u00e9kben a t\u00e9szta. Tiszt\u00e1ntart\u00e1s \u00e9s tapad\u00e1s \u00e9rdek\u00e9ben folpackot a t\u00e9szta \u00e9s a forma k\u00f6z\u00e9 t\u00e9ve is sz\u00e9p eredm\u00e9nyt \u00e9rhet\u00fcnk el.<\/p>\n","protected":false},"featured_media":1246,"comment_status":"open","ping_status":"closed","template":"","meta":{"_et_pb_use_builder":"","_et_pb_old_content":"","_et_gb_content_width":""},"product_brand":[],"product_cat":[199,40,41,31,195,196],"product_tag":[],"class_list":{"0":"post-1245","1":"product","2":"type-product","3":"status-publish","4":"has-post-thumbnail","6":"product_cat-anyak-napja","7":"product_cat-fius-szettek","8":"product_cat-lanyos-szettek","9":"product_cat-sutiszaggatok-es-pecsetek","10":"product_cat-unnepi-formak","11":"product_cat-viragok","13":"first","14":"instock","15":"shipping-taxable","16":"purchasable","17":"product-type-simple"},"_links":{"self":[{"href":"https:\/\/szeretetkonyham.com\/index.php?rest_route=\/wp\/v2\/product\/1245","targetHints":{"allow":["GET"]}}],"collection":[{"href":"https:\/\/szeretetkonyham.com\/index.php?rest_route=\/wp\/v2\/product"}],"about":[{"href":"https:\/\/szeretetkonyham.com\/index.php?rest_route=\/wp\/v2\/types\/product"}],"replies":[{"embeddable":true,"href":"https:\/\/szeretetkonyham.com\/index.php?rest_route=%2Fwp%2Fv2%2Fcomments&post=1245"}],"wp:featuredmedia":[{"embeddable":true,"href":"https:\/\/szeretetkonyham.com\/index.php?rest_route=\/wp\/v2\/media\/1246"}],"wp:attachment":[{"href":"https:\/\/szeretetkonyham.com\/index.php?rest_route=%2Fwp%2Fv2%2Fmedia&parent=1245"}],"wp:term":[{"taxonomy":"product_brand","embeddable":true,"href":"https:\/\/szeretetkonyham.com\/index.php?rest_route=%2Fwp%2Fv2%2Fproduct_brand&post=1245"},{"taxonomy":"product_cat","embeddable":true,"href":"https:\/\/szeretetkonyham.com\/index.php?rest_route=%2Fwp%2Fv2%2Fproduct_cat&post=1245"},{"taxonomy":"product_tag","embeddable":true,"href":"https:\/\/szeretetkonyham.com\/index.php?rest_route=%2Fwp%2Fv2%2Fproduct_tag&post=1245"}],"curies":[{"name":"wp","href":"https:\/\/api.w.org\/{rel}","templated":true}]}}