{"id":1321,"date":"2022-05-10T18:18:22","date_gmt":"2022-05-10T18:18:22","guid":{"rendered":"https:\/\/szeretetkonyham.hu\/?post_type=product&#038;p=1321"},"modified":"2022-10-26T09:52:38","modified_gmt":"2022-10-26T09:52:38","slug":"csokolade-es-bonbonkeszito-forma-tablacsoki-alaku","status":"publish","type":"product","link":"https:\/\/szeretetkonyham.com\/?product=csokolade-es-bonbonkeszito-forma-tablacsoki-alaku","title":{"rendered":"Csokol\u00e1d\u00e9 \u00e9s bonbonk\u00e9sz\u00edt\u0151 forma, T\u00c1BLACSOKI alak\u00fa"},"content":{"rendered":"<p>Egyszer\u0171en k\u00e9sz\u00edthetsz h\u00e1zi t\u00e1bl\u00e1s csokit, meglepheted szeretteidet valami igaz\u00e1n k\u00fcl\u00f6nleges h\u00e1zi k\u00e9sz\u00edt\u00e9s\u0171 aj\u00e1nd\u00e9kkal!<\/p>\n<p>Anyaga: H\u0151\u00e1ll\u00f3 szilikon (-40 fok \u00e9s +210 fok k\u00f6z\u00f6tt)<\/p>\n<p>A szilikon forma teljes m\u00e9rete: 105 mm x 215 mm, vastags\u00e1ga: 8 mm. A k\u00e9sz csokol\u00e1d\u00e9 m\u00e9rete: 82 mm x 157 mm.<\/p>\n<p>Mosogat\u00f3g\u00e9pben moshat\u00f3!<\/p>\n","protected":false},"excerpt":{"rendered":"<p>Egyszer\u0171en k\u00e9sz\u00edthetsz h\u00e1zi t\u00e1bl\u00e1s csokit, meglepheted szeretteidet valami igaz\u00e1n k\u00fcl\u00f6nleges h\u00e1zi k\u00e9sz\u00edt\u00e9s\u0171 aj\u00e1nd\u00e9kkal!<\/p>\n<p>Anyaga: H\u0151\u00e1ll\u00f3 szilikon (-40 fok \u00e9s +210 fok k\u00f6z\u00f6tt)<\/p>\n<p>A szilikon forma teljes m\u00e9rete: 105 mm x 215 mm, vastags\u00e1ga: 8 mm. A k\u00e9sz csokol\u00e1d\u00e9 m\u00e9rete: 82 mm x 157 mm.<\/p>\n<p>Mosogat\u00f3g\u00e9pben moshat\u00f3!<\/p>\n","protected":false},"featured_media":1322,"comment_status":"open","ping_status":"closed","template":"","meta":{"_et_pb_use_builder":"","_et_pb_old_content":"","_et_gb_content_width":""},"product_brand":[],"product_cat":[37,48],"product_tag":[],"class_list":{"0":"post-1321","1":"product","2":"type-product","3":"status-publish","4":"has-post-thumbnail","6":"product_cat-konyhai-eszkozok","7":"product_cat-szilikon-formak","9":"first","10":"instock","11":"shipping-taxable","12":"purchasable","13":"product-type-simple"},"_links":{"self":[{"href":"https:\/\/szeretetkonyham.com\/index.php?rest_route=\/wp\/v2\/product\/1321","targetHints":{"allow":["GET"]}}],"collection":[{"href":"https:\/\/szeretetkonyham.com\/index.php?rest_route=\/wp\/v2\/product"}],"about":[{"href":"https:\/\/szeretetkonyham.com\/index.php?rest_route=\/wp\/v2\/types\/product"}],"replies":[{"embeddable":true,"href":"https:\/\/szeretetkonyham.com\/index.php?rest_route=%2Fwp%2Fv2%2Fcomments&post=1321"}],"wp:featuredmedia":[{"embeddable":true,"href":"https:\/\/szeretetkonyham.com\/index.php?rest_route=\/wp\/v2\/media\/1322"}],"wp:attachment":[{"href":"https:\/\/szeretetkonyham.com\/index.php?rest_route=%2Fwp%2Fv2%2Fmedia&parent=1321"}],"wp:term":[{"taxonomy":"product_brand","embeddable":true,"href":"https:\/\/szeretetkonyham.com\/index.php?rest_route=%2Fwp%2Fv2%2Fproduct_brand&post=1321"},{"taxonomy":"product_cat","embeddable":true,"href":"https:\/\/szeretetkonyham.com\/index.php?rest_route=%2Fwp%2Fv2%2Fproduct_cat&post=1321"},{"taxonomy":"product_tag","embeddable":true,"href":"https:\/\/szeretetkonyham.com\/index.php?rest_route=%2Fwp%2Fv2%2Fproduct_tag&post=1321"}],"curies":[{"name":"wp","href":"https:\/\/api.w.org\/{rel}","templated":true}]}}