{"id":1324,"date":"2022-05-10T18:24:44","date_gmt":"2022-05-10T18:24:44","guid":{"rendered":"https:\/\/szeretetkonyham.hu\/?post_type=product&#038;p=1324"},"modified":"2023-11-13T22:39:38","modified_gmt":"2023-11-13T22:39:38","slug":"csokolade-es-bonbonkeszito-gumicukor-keszito-sutinyaloka-keszito-forma-tappancs","status":"publish","type":"product","link":"https:\/\/szeretetkonyham.com\/?product=csokolade-es-bonbonkeszito-gumicukor-keszito-sutinyaloka-keszito-forma-tappancs","title":{"rendered":"Csokol\u00e1d\u00e9 \u00e9s bonbonk\u00e9sz\u00edt\u0151, gumicukor k\u00e9sz\u00edt\u0151, s\u00fctinyal\u00f3ka k\u00e9sz\u00edt\u0151 forma, TAPPANCS"},"content":{"rendered":"<p>Egyszer\u0171en k\u00e9sz\u00edthetsz csokit, bonbont,h\u00e1zi gumicukrot, s\u00fctinyal\u00f3k\u00e1t vagy italba tehet\u0151 j\u00e9gkock\u00e1t! \ud83d\ude42<\/p>\n<p>Anyaga: H\u0151\u00e1ll\u00f3 szilikon (-40 fok \u00e9s +210 fok k\u00f6z\u00f6tt)<\/p>\n<p>A szilikon forma teljes m\u00e9rete: 135 mm x 135 mm, vastags\u00e1ga: 12 mm.<\/p>\n<p>Mosogat\u00f3g\u00e9pben moshat\u00f3! A term\u00e9k sz\u00edne elt\u00e9rhet a k\u00e9pen l\u00e1tott\u00f3l! P\u00e1lcika n\u00e9lk\u00fcl sz\u00e1ll\u00edtjuk.<\/p>\n<p><img loading=\"lazy\" decoding=\"async\" class=\"alignnone size-medium wp-image-1317\" src=\"https:\/\/szeretetkonyham.hu\/wp-content\/uploads\/2022\/05\/20220508_204454-300x225.jpg\" alt=\"\" width=\"300\" height=\"225\" \/> <img loading=\"lazy\" decoding=\"async\" class=\"alignnone size-medium wp-image-1318\" src=\"https:\/\/szeretetkonyham.hu\/wp-content\/uploads\/2022\/05\/20220509_104437-300x231.jpg\" alt=\"\" width=\"300\" height=\"231\" \/><\/p>\n","protected":false},"excerpt":{"rendered":"<p>Egyszer\u0171en k\u00e9sz\u00edthetsz csokit, bonbont, h\u00e1zi gumicukrot,vagy nyal\u00f3k\u00e1t!<\/p>\n<p>Anyaga: H\u0151\u00e1ll\u00f3 szilikon (-40 fok \u00e9s +210 fok k\u00f6z\u00f6tt)<\/p>\n<p>A szilikon forma teljes m\u00e9rete: 135 mm x 135 mm. Vastags\u00e1ga: 12 mm.<\/p>\n<p>Mosogat\u00f3g\u00e9pben moshat\u00f3! A term\u00e9k sz\u00edne elt\u00e9rhet a k\u00e9pen l\u00e1tott\u00f3l! P\u00e1lcika n\u00e9lk\u00fcl sz\u00e1ll\u00edtjuk.<\/p>\n","protected":false},"featured_media":1325,"comment_status":"open","ping_status":"closed","template":"","meta":{"_et_pb_use_builder":"","_et_pb_old_content":"","_et_gb_content_width":""},"product_brand":[],"product_cat":[37,48],"product_tag":[],"class_list":{"0":"post-1324","1":"product","2":"type-product","3":"status-publish","4":"has-post-thumbnail","6":"product_cat-konyhai-eszkozok","7":"product_cat-szilikon-formak","9":"first","10":"instock","11":"shipping-taxable","12":"purchasable","13":"product-type-simple"},"_links":{"self":[{"href":"https:\/\/szeretetkonyham.com\/index.php?rest_route=\/wp\/v2\/product\/1324","targetHints":{"allow":["GET"]}}],"collection":[{"href":"https:\/\/szeretetkonyham.com\/index.php?rest_route=\/wp\/v2\/product"}],"about":[{"href":"https:\/\/szeretetkonyham.com\/index.php?rest_route=\/wp\/v2\/types\/product"}],"replies":[{"embeddable":true,"href":"https:\/\/szeretetkonyham.com\/index.php?rest_route=%2Fwp%2Fv2%2Fcomments&post=1324"}],"wp:featuredmedia":[{"embeddable":true,"href":"https:\/\/szeretetkonyham.com\/index.php?rest_route=\/wp\/v2\/media\/1325"}],"wp:attachment":[{"href":"https:\/\/szeretetkonyham.com\/index.php?rest_route=%2Fwp%2Fv2%2Fmedia&parent=1324"}],"wp:term":[{"taxonomy":"product_brand","embeddable":true,"href":"https:\/\/szeretetkonyham.com\/index.php?rest_route=%2Fwp%2Fv2%2Fproduct_brand&post=1324"},{"taxonomy":"product_cat","embeddable":true,"href":"https:\/\/szeretetkonyham.com\/index.php?rest_route=%2Fwp%2Fv2%2Fproduct_cat&post=1324"},{"taxonomy":"product_tag","embeddable":true,"href":"https:\/\/szeretetkonyham.com\/index.php?rest_route=%2Fwp%2Fv2%2Fproduct_tag&post=1324"}],"curies":[{"name":"wp","href":"https:\/\/api.w.org\/{rel}","templated":true}]}}