{"id":1359,"date":"2022-05-10T20:08:15","date_gmt":"2022-05-10T20:08:15","guid":{"rendered":"https:\/\/szeretetkonyham.hu\/?post_type=product&#038;p=1359"},"modified":"2023-10-09T13:09:03","modified_gmt":"2023-10-09T13:09:03","slug":"kisfiu-koteny-munkagepes","status":"publish","type":"product","link":"https:\/\/szeretetkonyham.com\/?product=kisfiu-koteny-munkagepes","title":{"rendered":"Kisfi\u00fa k\u00f6t\u00e9ny, MUNKAG\u00c9PES"},"content":{"rendered":"<p>Anyaga: 100 % pamutv\u00e1szon. 49 cm hossz\u00fa \u00e9s 37 cm sz\u00e9les. (plusz a k\u00f6t\u0151)<\/p>\n<p>Mos\u00e1s: 40 fokon. Vasalhat\u00f3.<\/p>\n","protected":false},"excerpt":{"rendered":"<p>Anyaga: 100 % pamutv\u00e1szon. 49 cm hossz\u00fa \u00e9s 37 cm sz\u00e9les. (plusz a k\u00f6t\u0151)<\/p>\n<p>Mos\u00e1s: 40 fokon. Vasalhat\u00f3.<\/p>\n","protected":false},"featured_media":1360,"comment_status":"open","ping_status":"closed","template":"","meta":{"_et_pb_use_builder":"","_et_pb_old_content":"","_et_gb_content_width":""},"product_brand":[],"product_cat":[40,62,37,33,55],"product_tag":[],"class_list":{"0":"post-1359","1":"product","2":"type-product","3":"status-publish","4":"has-post-thumbnail","6":"product_cat-fius-szettek","7":"product_cat-kiemelt-termekek","8":"product_cat-konyhai-eszkozok","9":"product_cat-kotenyek","10":"product_cat-gyurodeszkak","12":"first","13":"instock","14":"shipping-taxable","15":"purchasable","16":"product-type-simple"},"_links":{"self":[{"href":"https:\/\/szeretetkonyham.com\/index.php?rest_route=\/wp\/v2\/product\/1359","targetHints":{"allow":["GET"]}}],"collection":[{"href":"https:\/\/szeretetkonyham.com\/index.php?rest_route=\/wp\/v2\/product"}],"about":[{"href":"https:\/\/szeretetkonyham.com\/index.php?rest_route=\/wp\/v2\/types\/product"}],"replies":[{"embeddable":true,"href":"https:\/\/szeretetkonyham.com\/index.php?rest_route=%2Fwp%2Fv2%2Fcomments&post=1359"}],"wp:featuredmedia":[{"embeddable":true,"href":"https:\/\/szeretetkonyham.com\/index.php?rest_route=\/wp\/v2\/media\/1360"}],"wp:attachment":[{"href":"https:\/\/szeretetkonyham.com\/index.php?rest_route=%2Fwp%2Fv2%2Fmedia&parent=1359"}],"wp:term":[{"taxonomy":"product_brand","embeddable":true,"href":"https:\/\/szeretetkonyham.com\/index.php?rest_route=%2Fwp%2Fv2%2Fproduct_brand&post=1359"},{"taxonomy":"product_cat","embeddable":true,"href":"https:\/\/szeretetkonyham.com\/index.php?rest_route=%2Fwp%2Fv2%2Fproduct_cat&post=1359"},{"taxonomy":"product_tag","embeddable":true,"href":"https:\/\/szeretetkonyham.com\/index.php?rest_route=%2Fwp%2Fv2%2Fproduct_tag&post=1359"}],"curies":[{"name":"wp","href":"https:\/\/api.w.org\/{rel}","templated":true}]}}