{"id":1363,"date":"2022-05-10T20:11:15","date_gmt":"2022-05-10T20:11:15","guid":{"rendered":"https:\/\/szeretetkonyham.hu\/?post_type=product&#038;p=1363"},"modified":"2023-02-03T16:27:43","modified_gmt":"2023-02-03T16:27:43","slug":"kisfiu-koteny-szirenazo-jarmuves","status":"publish","type":"product","link":"https:\/\/szeretetkonyham.com\/?product=kisfiu-koteny-szirenazo-jarmuves","title":{"rendered":"Kisfi\u00fa k\u00f6t\u00e9ny, SZIR\u00c9N\u00c1Z\u00d3 J\u00c1RM\u0170VES"},"content":{"rendered":"<p>Anyaga: 100 % pamutv\u00e1szon. 49 cm hossz\u00fa \u00e9s 37 cm sz\u00e9les. (plusz a k\u00f6t\u0151)<\/p>\n<p>Mos\u00e1s: 40 fokon. Vasalhat\u00f3.<\/p>\n","protected":false},"excerpt":{"rendered":"<p>Anyaga: 100 % pamutv\u00e1szon. 49 cm hossz\u00fa \u00e9s 37 cm sz\u00e9les. (plusz a k\u00f6t\u0151)<\/p>\n<p>Mos\u00e1s: 40 fokon. Vasalhat\u00f3.<\/p>\n","protected":false},"featured_media":1364,"comment_status":"open","ping_status":"closed","template":"","meta":{"_et_pb_use_builder":"","_et_pb_old_content":"","_et_gb_content_width":""},"product_brand":[],"product_cat":[40,37,55,33],"product_tag":[],"class_list":{"0":"post-1363","1":"product","2":"type-product","3":"status-publish","4":"has-post-thumbnail","6":"product_cat-fius-szettek","7":"product_cat-konyhai-eszkozok","8":"product_cat-gyurodeszkak","9":"product_cat-kotenyek","11":"first","12":"instock","13":"shipping-taxable","14":"purchasable","15":"product-type-simple"},"_links":{"self":[{"href":"https:\/\/szeretetkonyham.com\/index.php?rest_route=\/wp\/v2\/product\/1363","targetHints":{"allow":["GET"]}}],"collection":[{"href":"https:\/\/szeretetkonyham.com\/index.php?rest_route=\/wp\/v2\/product"}],"about":[{"href":"https:\/\/szeretetkonyham.com\/index.php?rest_route=\/wp\/v2\/types\/product"}],"replies":[{"embeddable":true,"href":"https:\/\/szeretetkonyham.com\/index.php?rest_route=%2Fwp%2Fv2%2Fcomments&post=1363"}],"wp:featuredmedia":[{"embeddable":true,"href":"https:\/\/szeretetkonyham.com\/index.php?rest_route=\/wp\/v2\/media\/1364"}],"wp:attachment":[{"href":"https:\/\/szeretetkonyham.com\/index.php?rest_route=%2Fwp%2Fv2%2Fmedia&parent=1363"}],"wp:term":[{"taxonomy":"product_brand","embeddable":true,"href":"https:\/\/szeretetkonyham.com\/index.php?rest_route=%2Fwp%2Fv2%2Fproduct_brand&post=1363"},{"taxonomy":"product_cat","embeddable":true,"href":"https:\/\/szeretetkonyham.com\/index.php?rest_route=%2Fwp%2Fv2%2Fproduct_cat&post=1363"},{"taxonomy":"product_tag","embeddable":true,"href":"https:\/\/szeretetkonyham.com\/index.php?rest_route=%2Fwp%2Fv2%2Fproduct_tag&post=1363"}],"curies":[{"name":"wp","href":"https:\/\/api.w.org\/{rel}","templated":true}]}}