{"id":1365,"date":"2022-05-10T20:12:47","date_gmt":"2022-05-10T20:12:47","guid":{"rendered":"https:\/\/szeretetkonyham.hu\/?post_type=product&#038;p=1365"},"modified":"2023-02-03T16:26:18","modified_gmt":"2023-02-03T16:26:18","slug":"kislany-koteny-tunderes","status":"publish","type":"product","link":"https:\/\/szeretetkonyham.com\/?product=kislany-koteny-tunderes","title":{"rendered":"Kisl\u00e1ny k\u00f6t\u00e9ny, T\u00dcND\u00c9RES"},"content":{"rendered":"<p>Anyaga: 100 % pamutv\u00e1szon. 49 cm hossz\u00fa \u00e9s 37 cm sz\u00e9les. (plusz a k\u00f6t\u0151)<\/p>\n<p>Mos\u00e1s: 40 fokon. Vasalhat\u00f3.<\/p>\n","protected":false},"excerpt":{"rendered":"<p>Anyaga: 100 % pamutv\u00e1szon. 49 cm hossz\u00fa \u00e9s 37 cm sz\u00e9les. (plusz a k\u00f6t\u0151)<\/p>\n<p>Mos\u00e1s: 40 fokon. Vasalhat\u00f3.<\/p>\n","protected":false},"featured_media":1366,"comment_status":"open","ping_status":"closed","template":"","meta":{"_et_pb_use_builder":"","_et_pb_old_content":"","_et_gb_content_width":""},"product_brand":[],"product_cat":[37,55,33,41],"product_tag":[],"class_list":{"0":"post-1365","1":"product","2":"type-product","3":"status-publish","4":"has-post-thumbnail","6":"product_cat-konyhai-eszkozok","7":"product_cat-gyurodeszkak","8":"product_cat-kotenyek","9":"product_cat-lanyos-szettek","11":"first","12":"instock","13":"shipping-taxable","14":"purchasable","15":"product-type-simple"},"_links":{"self":[{"href":"https:\/\/szeretetkonyham.com\/index.php?rest_route=\/wp\/v2\/product\/1365","targetHints":{"allow":["GET"]}}],"collection":[{"href":"https:\/\/szeretetkonyham.com\/index.php?rest_route=\/wp\/v2\/product"}],"about":[{"href":"https:\/\/szeretetkonyham.com\/index.php?rest_route=\/wp\/v2\/types\/product"}],"replies":[{"embeddable":true,"href":"https:\/\/szeretetkonyham.com\/index.php?rest_route=%2Fwp%2Fv2%2Fcomments&post=1365"}],"wp:featuredmedia":[{"embeddable":true,"href":"https:\/\/szeretetkonyham.com\/index.php?rest_route=\/wp\/v2\/media\/1366"}],"wp:attachment":[{"href":"https:\/\/szeretetkonyham.com\/index.php?rest_route=%2Fwp%2Fv2%2Fmedia&parent=1365"}],"wp:term":[{"taxonomy":"product_brand","embeddable":true,"href":"https:\/\/szeretetkonyham.com\/index.php?rest_route=%2Fwp%2Fv2%2Fproduct_brand&post=1365"},{"taxonomy":"product_cat","embeddable":true,"href":"https:\/\/szeretetkonyham.com\/index.php?rest_route=%2Fwp%2Fv2%2Fproduct_cat&post=1365"},{"taxonomy":"product_tag","embeddable":true,"href":"https:\/\/szeretetkonyham.com\/index.php?rest_route=%2Fwp%2Fv2%2Fproduct_tag&post=1365"}],"curies":[{"name":"wp","href":"https:\/\/api.w.org\/{rel}","templated":true}]}}