{"id":1377,"date":"2022-05-13T15:20:19","date_gmt":"2022-05-13T15:20:19","guid":{"rendered":"https:\/\/szeretetkonyham.hu\/?post_type=product&#038;p=1377"},"modified":"2024-03-24T05:53:54","modified_gmt":"2024-03-24T05:53:54","slug":"szilikon-jegkrem-es-sutinyaloka-keszito-forma-szives","status":"publish","type":"product","link":"https:\/\/szeretetkonyham.com\/?product=szilikon-jegkrem-es-sutinyaloka-keszito-forma-szives","title":{"rendered":"Szilikon J\u00c9GKR\u00c9M \u00e9s S\u00dcTINYAL\u00d3KA k\u00e9sz\u00edt\u0151 forma, SZ\u00cdVES"},"content":{"rendered":"<p>Ennek a szuper form\u00e1nak a seg\u00edts\u00e9g\u00e9vel Te is k\u00f6nnyed\u00e9n k\u00e9sz\u00edthetsz h\u00e1zi j\u00e9gkr\u00e9met vagy fagyit, de t\u00f6ltheted gy\u00fcm\u00f6lcsl\u00e9vel, tejsz\u00ednes joghurttal vagy b\u00e1rmi finoms\u00e1ggal, ami fagyaszthat\u00f3. A form\u00e1k seg\u00edts\u00e9g\u00e9vel s\u00fctinyal\u00f3ka is k\u00e9sz\u00edthet\u0151! \ud83d\ude42<\/p>\n<p>Haszn\u00e1lata rendk\u00edv\u00fcl egyszer\u0171:<\/p>\n<p>-Tedd a p\u00e1lcik\u00e1t a hely\u00e9re!<\/p>\n<p>-A foly\u00e9kony alapanyagot t\u00f6ltsd a form\u00e1ba!<\/p>\n<p>-A felt\u00f6lt\u00f6tt form\u00e1t tedd a fagyaszt\u00f3ba!<\/p>\n<p>-Ha megfagyott, \u00f3vatosan vedd ki a form\u00e1b\u00f3l! D\u00edsz\u00edthet\u0151 csokival vagy m\u00e1s \u00f6ntettel! \ud83d\ude42<\/p>\n<p>Anyaga: szilikon<\/p>\n<p>M\u00e9rete: 195 mm x 110 mm. A form\u00e1k egyenk\u00e9nt: 60 x 40 mm. Vastags\u00e1ga: 20 mm.<\/p>\n<p>P\u00e1lcika n\u00e9lk\u00fcl sz\u00e1ll\u00edtjuk! A szilikon forma sz\u00edne elt\u00e9rhet a k\u00e9pen l\u00e1tott\u00f3l! Mosogat\u00f3g\u00e9pben moshat\u00f3!<\/p>\n<p>&nbsp;<\/p>\n<p>&nbsp;<\/p>\n","protected":false},"excerpt":{"rendered":"<p>Ennek a szuper form\u00e1nak a seg\u00edts\u00e9g\u00e9vel Te is k\u00f6nnyed\u00e9n k\u00e9sz\u00edthetsz h\u00e1zi j\u00e9gkr\u00e9met vagy fagyit, de t\u00f6ltheted gy\u00fcm\u00f6lcsl\u00e9vel, tejsz\u00ednes joghurttal vagy b\u00e1rmi finoms\u00e1ggal, ami fagyaszthat\u00f3. A form\u00e1k seg\u00edts\u00e9g\u00e9vel s\u00fctinyal\u00f3ka is k\u00e9sz\u00edthet\u0151! \ud83d\ude42<\/p>\n<p>Haszn\u00e1lata rendk\u00edv\u00fcl egyszer\u0171:<\/p>\n<p>-Tedd a p\u00e1lcik\u00e1t a hely\u00e9re!<\/p>\n<p>-A foly\u00e9kony alapanyagot t\u00f6ltsd a form\u00e1ba!<\/p>\n<p>-A felt\u00f6lt\u00f6tt form\u00e1t tedd a fagyaszt\u00f3ba!<\/p>\n<p>-Ha megfagyott, \u00f3vatosan vedd ki a form\u00e1b\u00f3l! D\u00edsz\u00edthet\u0151 csokival vagy m\u00e1s \u00f6ntettel! \ud83d\ude42<\/p>\n<p>Anyaga: szilikon<\/p>\n<p>&nbsp;<\/p>\n<p>&nbsp;<\/p>\n","protected":false},"featured_media":1378,"comment_status":"open","ping_status":"closed","template":"","meta":{"_et_pb_use_builder":"","_et_pb_old_content":"","_et_gb_content_width":""},"product_brand":[],"product_cat":[37,48],"product_tag":[],"class_list":{"0":"post-1377","1":"product","2":"type-product","3":"status-publish","4":"has-post-thumbnail","6":"product_cat-konyhai-eszkozok","7":"product_cat-szilikon-formak","9":"first","10":"instock","11":"shipping-taxable","12":"purchasable","13":"product-type-simple"},"_links":{"self":[{"href":"https:\/\/szeretetkonyham.com\/index.php?rest_route=\/wp\/v2\/product\/1377","targetHints":{"allow":["GET"]}}],"collection":[{"href":"https:\/\/szeretetkonyham.com\/index.php?rest_route=\/wp\/v2\/product"}],"about":[{"href":"https:\/\/szeretetkonyham.com\/index.php?rest_route=\/wp\/v2\/types\/product"}],"replies":[{"embeddable":true,"href":"https:\/\/szeretetkonyham.com\/index.php?rest_route=%2Fwp%2Fv2%2Fcomments&post=1377"}],"wp:featuredmedia":[{"embeddable":true,"href":"https:\/\/szeretetkonyham.com\/index.php?rest_route=\/wp\/v2\/media\/1378"}],"wp:attachment":[{"href":"https:\/\/szeretetkonyham.com\/index.php?rest_route=%2Fwp%2Fv2%2Fmedia&parent=1377"}],"wp:term":[{"taxonomy":"product_brand","embeddable":true,"href":"https:\/\/szeretetkonyham.com\/index.php?rest_route=%2Fwp%2Fv2%2Fproduct_brand&post=1377"},{"taxonomy":"product_cat","embeddable":true,"href":"https:\/\/szeretetkonyham.com\/index.php?rest_route=%2Fwp%2Fv2%2Fproduct_cat&post=1377"},{"taxonomy":"product_tag","embeddable":true,"href":"https:\/\/szeretetkonyham.com\/index.php?rest_route=%2Fwp%2Fv2%2Fproduct_tag&post=1377"}],"curies":[{"name":"wp","href":"https:\/\/api.w.org\/{rel}","templated":true}]}}