{"id":1379,"date":"2022-05-13T15:33:40","date_gmt":"2022-05-13T15:33:40","guid":{"rendered":"https:\/\/szeretetkonyham.hu\/?post_type=product&#038;p=1379"},"modified":"2023-12-05T05:54:02","modified_gmt":"2023-12-05T05:54:02","slug":"gyermek-sodrofa","status":"publish","type":"product","link":"https:\/\/szeretetkonyham.com\/?product=gyermek-sodrofa","title":{"rendered":"Gyermek SODR\u00d3FA"},"content":{"rendered":"<p>Ezzel a szuper gyermekm\u00e9ret\u0171 szilikon sodr\u00f3f\u00e1val gyermekj\u00e1t\u00e9k a s\u00fct\u00e9s! :)G\u00f6rg\u0151s kivitel\u00e9b\u0151l eredend\u0151en k\u00f6nnyen szalad a t\u00e9szt\u00e1n. Haszn\u00e1lhat\u00f3 kelt t\u00e9szt\u00e1hoz\u00a0\u00e9s\u00a0tortaburkol\u00e1shoz\u00a0is egyar\u00e1nt. K\u00f6nnyed\u00e9n tiszt\u00edthat\u00f3, \u00e9s\u00a0kev\u00e9sb\u00e9 ragad r\u00e1 a ny\u00fajtott anyag.<\/p>\n<p>Nyele: m\u0171anyag, fel\u00fclete: szilikon. M\u00e9rete: 22 cm hossz\u00fa, a sodr\u00f3fel\u00fclete: 10 cm. Sz\u00edne elt\u00e9rhet a k\u00e9pen l\u00e1tott\u00f3l.<\/p>\n<p><img loading=\"lazy\" decoding=\"async\" class=\"alignnone size-medium wp-image-1381\" src=\"https:\/\/szeretetkonyham.hu\/wp-content\/uploads\/2022\/05\/20220513_155843-300x225.jpg\" alt=\"\" width=\"300\" height=\"225\" \/> <img loading=\"lazy\" decoding=\"async\" class=\"alignnone size-medium wp-image-1380\" src=\"https:\/\/szeretetkonyham.hu\/wp-content\/uploads\/2022\/05\/20220513_1558531-300x225.jpg\" alt=\"\" width=\"300\" height=\"225\" \/><\/p>\n","protected":false},"excerpt":{"rendered":"<div class=\"module-body\">\n<p>Ezzel a szuper gyermekm\u00e9ret\u0171 szilikon sodr\u00f3f\u00e1val gyermekj\u00e1t\u00e9k a s\u00fct\u00e9s! :)G\u00f6rg\u0151s kivitel\u00e9b\u0151l eredend\u0151en k\u00f6nnyen szalad a t\u00e9szt\u00e1n. Haszn\u00e1lhat\u00f3 kelt t\u00e9szt\u00e1hoz\u00a0\u00e9s\u00a0tortaburkol\u00e1shoz\u00a0is egyar\u00e1nt. K\u00f6nnyed\u00e9n tiszt\u00edthat\u00f3, \u00e9s\u00a0kev\u00e9sb\u00e9 ragad r\u00e1 a ny\u00fajtott anyag.<\/p>\n<p>Nyele: m\u0171anyag, fel\u00fclete: szilikon. M\u00e9rete: 22 cm hossz\u00fa, a sodr\u00f3fel\u00fclete: 10 cm. Sz\u00edne elt\u00e9rhet a k\u00e9pen l\u00e1tott\u00f3l.<\/p>\n<\/div>\n<p><img loading=\"lazy\" decoding=\"async\" class=\"alignnone size-medium wp-image-1381\" src=\"https:\/\/szeretetkonyham.hu\/wp-content\/uploads\/2022\/05\/20220513_155843-300x225.jpg\" alt=\"\" width=\"300\" height=\"225\" \/> <img loading=\"lazy\" decoding=\"async\" class=\"alignnone size-medium wp-image-1380\" src=\"https:\/\/szeretetkonyham.hu\/wp-content\/uploads\/2022\/05\/20220513_1558531-300x225.jpg\" alt=\"\" width=\"300\" height=\"225\" \/><\/p>\n","protected":false},"featured_media":1380,"comment_status":"open","ping_status":"closed","template":"","meta":{"_et_pb_use_builder":"","_et_pb_old_content":"","_et_gb_content_width":""},"product_brand":[],"product_cat":[40,37,41,48],"product_tag":[],"class_list":{"0":"post-1379","1":"product","2":"type-product","3":"status-publish","4":"has-post-thumbnail","6":"product_cat-fius-szettek","7":"product_cat-konyhai-eszkozok","8":"product_cat-lanyos-szettek","9":"product_cat-szilikon-formak","11":"first","12":"instock","13":"shipping-taxable","14":"purchasable","15":"product-type-simple"},"_links":{"self":[{"href":"https:\/\/szeretetkonyham.com\/index.php?rest_route=\/wp\/v2\/product\/1379","targetHints":{"allow":["GET"]}}],"collection":[{"href":"https:\/\/szeretetkonyham.com\/index.php?rest_route=\/wp\/v2\/product"}],"about":[{"href":"https:\/\/szeretetkonyham.com\/index.php?rest_route=\/wp\/v2\/types\/product"}],"replies":[{"embeddable":true,"href":"https:\/\/szeretetkonyham.com\/index.php?rest_route=%2Fwp%2Fv2%2Fcomments&post=1379"}],"wp:featuredmedia":[{"embeddable":true,"href":"https:\/\/szeretetkonyham.com\/index.php?rest_route=\/wp\/v2\/media\/1380"}],"wp:attachment":[{"href":"https:\/\/szeretetkonyham.com\/index.php?rest_route=%2Fwp%2Fv2%2Fmedia&parent=1379"}],"wp:term":[{"taxonomy":"product_brand","embeddable":true,"href":"https:\/\/szeretetkonyham.com\/index.php?rest_route=%2Fwp%2Fv2%2Fproduct_brand&post=1379"},{"taxonomy":"product_cat","embeddable":true,"href":"https:\/\/szeretetkonyham.com\/index.php?rest_route=%2Fwp%2Fv2%2Fproduct_cat&post=1379"},{"taxonomy":"product_tag","embeddable":true,"href":"https:\/\/szeretetkonyham.com\/index.php?rest_route=%2Fwp%2Fv2%2Fproduct_tag&post=1379"}],"curies":[{"name":"wp","href":"https:\/\/api.w.org\/{rel}","templated":true}]}}