{"id":1579,"date":"2022-11-17T10:43:24","date_gmt":"2022-11-17T10:43:24","guid":{"rendered":"https:\/\/szeretetkonyham.hu\/?post_type=product&#038;p=1579"},"modified":"2022-11-17T10:45:29","modified_gmt":"2022-11-17T10:45:29","slug":"kenyeres-zsak","status":"publish","type":"product","link":"https:\/\/szeretetkonyham.com\/?product=kenyeres-zsak","title":{"rendered":"Kenyeres zs\u00e1k"},"content":{"rendered":"<p>A k\u00f6rnyezettudatos gondolkod\u00e1sban a kenyeres zs\u00e1k helyettes\u00edti az eldobhat\u00f3 m\u0171anyag zacsk\u00f3kat, p\u00e9k\u00e1rus zacsk\u00f3kat. Ha nem szeretn\u00e9nk mindig egyszer haszn\u00e1latos m\u0171anyag zacsk\u00f3t haszn\u00e1lni, akkor t\u00f6k\u00e9letes megold\u00e1st ny\u00fajt a kenyeres zs\u00e1k haszn\u00e1lata. Nem kell minden alkalommal kimosni, el\u00e9g nedves ruh\u00e1val \u00e1tt\u00f6r\u00f6lni, sz\u00e1rad\u00e1s ut\u00e1n \u00fajra haszn\u00e1lhat\u00f3.Pull anyaggal b\u00e9lelve. A term\u00e9k mos\u00f3g\u00e9pben moshat\u00f3. (60-90 fokon) M\u00e9rete: 30&#215;30 cm.<\/p>\n<p><img loading=\"lazy\" decoding=\"async\" class=\"alignnone size-medium wp-image-1581\" src=\"https:\/\/szeretetkonyham.hu\/wp-content\/uploads\/2022\/11\/20221117_092359-1-225x300.jpg\" alt=\"\" width=\"225\" height=\"300\" \/><\/p>\n<p><img loading=\"lazy\" decoding=\"async\" class=\"alignnone size-medium wp-image-1582\" src=\"https:\/\/szeretetkonyham.hu\/wp-content\/uploads\/2022\/11\/20221117_090138-225x300.jpg\" alt=\"\" width=\"225\" height=\"300\" \/><\/p>\n<p><img loading=\"lazy\" decoding=\"async\" class=\"alignnone size-medium wp-image-1583\" src=\"https:\/\/szeretetkonyham.hu\/wp-content\/uploads\/2022\/11\/20221117_090128-300x225.jpg\" alt=\"\" width=\"300\" height=\"225\" \/><\/p>\n<p><img loading=\"lazy\" decoding=\"async\" class=\"alignnone size-medium wp-image-1584\" src=\"https:\/\/szeretetkonyham.hu\/wp-content\/uploads\/2022\/11\/20221117_090115-225x300.jpg\" alt=\"\" width=\"225\" height=\"300\" \/><\/p>\n","protected":false},"excerpt":{"rendered":"<p>A k\u00f6rnyezettudatos gondolkod\u00e1sban a kenyeres zs\u00e1k helyettes\u00edti az eldobhat\u00f3 m\u0171anyag zacsk\u00f3kat, p\u00e9k\u00e1rus zacsk\u00f3kat. Ha nem szeretn\u00e9nk mindig egyszer haszn\u00e1latos m\u0171anyag zacsk\u00f3t haszn\u00e1lni, akkor t\u00f6k\u00e9letes megold\u00e1st ny\u00fajt a kenyeres zs\u00e1k haszn\u00e1lata. Nem kell minden alkalommal kimosni, el\u00e9g nedves ruh\u00e1val \u00e1tt\u00f6r\u00f6lni, sz\u00e1rad\u00e1s ut\u00e1n \u00fajra haszn\u00e1lhat\u00f3.Pull anyaggal b\u00e9lelve. A term\u00e9k mos\u00f3g\u00e9pben moshat\u00f3. (60-90 fokon) M\u00e9rete: 30&#215;30 cm.<\/p>\n","protected":false},"featured_media":1581,"comment_status":"open","ping_status":"closed","template":"","meta":{"_et_pb_use_builder":"","_et_pb_old_content":"","_et_gb_content_width":""},"product_brand":[],"product_cat":[37],"product_tag":[254],"class_list":{"0":"post-1579","1":"product","2":"type-product","3":"status-publish","4":"has-post-thumbnail","6":"product_cat-konyhai-eszkozok","7":"product_tag-kenyereszsak","9":"first","10":"instock","11":"shipping-taxable","12":"purchasable","13":"product-type-simple"},"_links":{"self":[{"href":"https:\/\/szeretetkonyham.com\/index.php?rest_route=\/wp\/v2\/product\/1579","targetHints":{"allow":["GET"]}}],"collection":[{"href":"https:\/\/szeretetkonyham.com\/index.php?rest_route=\/wp\/v2\/product"}],"about":[{"href":"https:\/\/szeretetkonyham.com\/index.php?rest_route=\/wp\/v2\/types\/product"}],"replies":[{"embeddable":true,"href":"https:\/\/szeretetkonyham.com\/index.php?rest_route=%2Fwp%2Fv2%2Fcomments&post=1579"}],"wp:featuredmedia":[{"embeddable":true,"href":"https:\/\/szeretetkonyham.com\/index.php?rest_route=\/wp\/v2\/media\/1581"}],"wp:attachment":[{"href":"https:\/\/szeretetkonyham.com\/index.php?rest_route=%2Fwp%2Fv2%2Fmedia&parent=1579"}],"wp:term":[{"taxonomy":"product_brand","embeddable":true,"href":"https:\/\/szeretetkonyham.com\/index.php?rest_route=%2Fwp%2Fv2%2Fproduct_brand&post=1579"},{"taxonomy":"product_cat","embeddable":true,"href":"https:\/\/szeretetkonyham.com\/index.php?rest_route=%2Fwp%2Fv2%2Fproduct_cat&post=1579"},{"taxonomy":"product_tag","embeddable":true,"href":"https:\/\/szeretetkonyham.com\/index.php?rest_route=%2Fwp%2Fv2%2Fproduct_tag&post=1579"}],"curies":[{"name":"wp","href":"https:\/\/api.w.org\/{rel}","templated":true}]}}