{"id":1960,"date":"2023-10-07T19:52:43","date_gmt":"2023-10-07T19:52:43","guid":{"rendered":"https:\/\/szeretetkonyham.hu\/?post_type=product&#038;p=1960"},"modified":"2023-10-25T08:15:53","modified_gmt":"2023-10-25T08:15:53","slug":"halloweenes-latte-s-kanal-2","status":"publish","type":"product","link":"https:\/\/szeretetkonyham.com\/?product=halloweenes-latte-s-kanal-2","title":{"rendered":"Halloweenes Latte-s kan\u00e1l"},"content":{"rendered":"<p>A kanalakat nem aj\u00e1nlatos mosogat\u00f3g\u00e9pben mosni! Meleg \u00e9telt-italt lehet vel\u00fck enni, keverni. Anyaga h\u0151re l\u00e1gyul\u00f3 m\u0171anyag, \u00edgy kisgyerekek is b\u00e1tran a sz\u00e1jukba vehetik.<br \/>\nAz \u00e1r darabra vonatkozik. 22 cm. A minta 4 cm hossz\u00fa.<\/p>\n<p><img loading=\"lazy\" decoding=\"async\" class=\"alignnone size-medium wp-image-1951\" src=\"https:\/\/szeretetkonyham.hu\/wp-content\/uploads\/2023\/10\/20231007_125052-169x300.jpg\" alt=\"\" width=\"169\" height=\"300\" \/><img loading=\"lazy\" decoding=\"async\" class=\"alignnone size-medium wp-image-1952\" src=\"https:\/\/szeretetkonyham.hu\/wp-content\/uploads\/2023\/10\/20231007_125058-169x300.jpg\" alt=\"\" width=\"169\" height=\"300\" \/><img loading=\"lazy\" decoding=\"async\" class=\"alignnone size-medium wp-image-1953\" src=\"https:\/\/szeretetkonyham.hu\/wp-content\/uploads\/2023\/10\/20231007_125100-169x300.jpg\" alt=\"\" width=\"169\" height=\"300\" \/><\/p>\n<p>&nbsp;<\/p>\n","protected":false},"excerpt":{"rendered":"<p>A kanalakat nem aj\u00e1nlatos mosogat\u00f3g\u00e9pben mosni! Meleg \u00e9telt-italt lehet vel\u00fck enni, keverni. Anyaga h\u0151re l\u00e1gyul\u00f3 m\u0171anyag, \u00edgy kisgyerekek is b\u00e1tran a sz\u00e1jukba vehetik.<br \/>\nAz \u00e1r darabra vonatkozik. 20 cm. A minta 2,5 cm hossz\u00fa.<\/p>\n<p>&nbsp;<\/p>\n","protected":false},"featured_media":1952,"comment_status":"open","ping_status":"closed","template":"","meta":{"_et_pb_use_builder":"","_et_pb_old_content":"","_et_gb_content_width":""},"product_brand":[],"product_cat":[52,40,64,62,37,41],"product_tag":[],"class_list":{"0":"post-1960","1":"product","2":"type-product","3":"status-publish","4":"has-post-thumbnail","6":"product_cat-evoeszkozok","7":"product_cat-fius-szettek","8":"product_cat-kanalak","9":"product_cat-kiemelt-termekek","10":"product_cat-konyhai-eszkozok","11":"product_cat-lanyos-szettek","13":"first","14":"instock","15":"shipping-taxable","16":"purchasable","17":"product-type-simple"},"_links":{"self":[{"href":"https:\/\/szeretetkonyham.com\/index.php?rest_route=\/wp\/v2\/product\/1960","targetHints":{"allow":["GET"]}}],"collection":[{"href":"https:\/\/szeretetkonyham.com\/index.php?rest_route=\/wp\/v2\/product"}],"about":[{"href":"https:\/\/szeretetkonyham.com\/index.php?rest_route=\/wp\/v2\/types\/product"}],"replies":[{"embeddable":true,"href":"https:\/\/szeretetkonyham.com\/index.php?rest_route=%2Fwp%2Fv2%2Fcomments&post=1960"}],"wp:featuredmedia":[{"embeddable":true,"href":"https:\/\/szeretetkonyham.com\/index.php?rest_route=\/wp\/v2\/media\/1952"}],"wp:attachment":[{"href":"https:\/\/szeretetkonyham.com\/index.php?rest_route=%2Fwp%2Fv2%2Fmedia&parent=1960"}],"wp:term":[{"taxonomy":"product_brand","embeddable":true,"href":"https:\/\/szeretetkonyham.com\/index.php?rest_route=%2Fwp%2Fv2%2Fproduct_brand&post=1960"},{"taxonomy":"product_cat","embeddable":true,"href":"https:\/\/szeretetkonyham.com\/index.php?rest_route=%2Fwp%2Fv2%2Fproduct_cat&post=1960"},{"taxonomy":"product_tag","embeddable":true,"href":"https:\/\/szeretetkonyham.com\/index.php?rest_route=%2Fwp%2Fv2%2Fproduct_tag&post=1960"}],"curies":[{"name":"wp","href":"https:\/\/api.w.org\/{rel}","templated":true}]}}