{"id":1970,"date":"2023-10-07T20:07:24","date_gmt":"2023-10-07T20:07:24","guid":{"rendered":"https:\/\/szeretetkonyham.hu\/?post_type=product&#038;p=1970"},"modified":"2023-11-08T13:00:18","modified_gmt":"2023-11-08T13:00:18","slug":"karacsonyi-kiskanal-karacsonyfa","status":"publish","type":"product","link":"https:\/\/szeretetkonyham.com\/?product=karacsonyi-kiskanal-karacsonyfa","title":{"rendered":"Kar\u00e1csonyi kiskan\u00e1l (kar\u00e1csonyfa)"},"content":{"rendered":"<p>A kanalakat nem aj\u00e1nlatos mosogat\u00f3g\u00e9pben mosni! Meleg \u00e9telt-italt lehet vel\u00fck enni, keverni. Anyaga h\u0151re l\u00e1gyul\u00f3 m\u0171anyag, \u00edgy kisgyerekek is b\u00e1tran a sz\u00e1jukba vehetik. Az \u00e1r darabra vonatkozik. 14 cm. A minta 3 cm hossz\u00fa.<\/p>\n<p><img loading=\"lazy\" decoding=\"async\" class=\"alignnone size-medium wp-image-1972\" src=\"https:\/\/szeretetkonyham.hu\/wp-content\/uploads\/2023\/10\/20231007_125415-169x300.jpg\" alt=\"\" width=\"169\" height=\"300\" \/><img loading=\"lazy\" decoding=\"async\" class=\"alignnone size-medium wp-image-1971\" src=\"https:\/\/szeretetkonyham.hu\/wp-content\/uploads\/2023\/10\/20231007_125424-169x300.jpg\" alt=\"\" width=\"169\" height=\"300\" \/><\/p>\n<p>&nbsp;<\/p>\n<p>&nbsp;<\/p>\n<p>&nbsp;<\/p>\n<p>&nbsp;<\/p>\n<p>&nbsp;<\/p>\n<p>&nbsp;<\/p>\n","protected":false},"excerpt":{"rendered":"<p>A kanalakat nem aj\u00e1nlatos mosogat\u00f3g\u00e9pben mosni! Meleg \u00e9telt-italt lehet vel\u00fck enni, keverni. Anyaga h\u0151re l\u00e1gyul\u00f3 m\u0171anyag, \u00edgy kisgyerekek is b\u00e1tran a sz\u00e1jukba vehetik.<br \/>\nAz \u00e1r darabra vonatkozik. 14 cm. A minta 3 cm hossz\u00fa.<\/p>\n<p>&nbsp;<\/p>\n","protected":false},"featured_media":1971,"comment_status":"open","ping_status":"closed","template":"","meta":{"_et_pb_use_builder":"","_et_pb_old_content":"","_et_gb_content_width":""},"product_brand":[],"product_cat":[52,40,64,236,37,41],"product_tag":[],"class_list":{"0":"post-1970","1":"product","2":"type-product","3":"status-publish","4":"has-post-thumbnail","6":"product_cat-evoeszkozok","7":"product_cat-fius-szettek","8":"product_cat-kanalak","9":"product_cat-karacsony-2","10":"product_cat-konyhai-eszkozok","11":"product_cat-lanyos-szettek","13":"first","14":"outofstock","15":"shipping-taxable","16":"purchasable","17":"product-type-simple"},"_links":{"self":[{"href":"https:\/\/szeretetkonyham.com\/index.php?rest_route=\/wp\/v2\/product\/1970","targetHints":{"allow":["GET"]}}],"collection":[{"href":"https:\/\/szeretetkonyham.com\/index.php?rest_route=\/wp\/v2\/product"}],"about":[{"href":"https:\/\/szeretetkonyham.com\/index.php?rest_route=\/wp\/v2\/types\/product"}],"replies":[{"embeddable":true,"href":"https:\/\/szeretetkonyham.com\/index.php?rest_route=%2Fwp%2Fv2%2Fcomments&post=1970"}],"wp:featuredmedia":[{"embeddable":true,"href":"https:\/\/szeretetkonyham.com\/index.php?rest_route=\/wp\/v2\/media\/1971"}],"wp:attachment":[{"href":"https:\/\/szeretetkonyham.com\/index.php?rest_route=%2Fwp%2Fv2%2Fmedia&parent=1970"}],"wp:term":[{"taxonomy":"product_brand","embeddable":true,"href":"https:\/\/szeretetkonyham.com\/index.php?rest_route=%2Fwp%2Fv2%2Fproduct_brand&post=1970"},{"taxonomy":"product_cat","embeddable":true,"href":"https:\/\/szeretetkonyham.com\/index.php?rest_route=%2Fwp%2Fv2%2Fproduct_cat&post=1970"},{"taxonomy":"product_tag","embeddable":true,"href":"https:\/\/szeretetkonyham.com\/index.php?rest_route=%2Fwp%2Fv2%2Fproduct_tag&post=1970"}],"curies":[{"name":"wp","href":"https:\/\/api.w.org\/{rel}","templated":true}]}}