{"id":2040,"date":"2023-10-09T12:48:37","date_gmt":"2023-10-09T12:48:37","guid":{"rendered":"https:\/\/szeretetkonyham.hu\/?post_type=product&#038;p=2040"},"modified":"2023-10-09T12:50:49","modified_gmt":"2023-10-09T12:50:49","slug":"kisfiu-koteny-tuzoltos","status":"publish","type":"product","link":"https:\/\/szeretetkonyham.com\/?product=kisfiu-koteny-tuzoltos","title":{"rendered":"Kisfi\u00fa k\u00f6t\u00e9ny, T\u0170ZOLT\u00d3S"},"content":{"rendered":"<p>Anyaga: 100 % pamutv\u00e1szon. 49 cm hossz\u00fa \u00e9s 37 cm sz\u00e9les. (plusz a k\u00f6t\u0151)<\/p>\n<p>Mos\u00e1s: 40 fokon. Vasalhat\u00f3.<\/p>\n<p><img loading=\"lazy\" decoding=\"async\" class=\"alignnone size-medium wp-image-2041\" src=\"https:\/\/szeretetkonyham.hu\/wp-content\/uploads\/2023\/10\/379987519_1541383049732418_9105045825259664151_n-185x300.jpg\" alt=\"\" width=\"185\" height=\"300\" \/><img loading=\"lazy\" decoding=\"async\" class=\"alignnone size-medium wp-image-2023\" src=\"https:\/\/szeretetkonyham.hu\/wp-content\/uploads\/2023\/10\/380237966_3681520068789696_6741985279260137947_n-300x169.jpg\" alt=\"\" width=\"300\" height=\"169\" \/><\/p>\n<p>&nbsp;<\/p>\n","protected":false},"excerpt":{"rendered":"<p>Anyaga: 100 % pamutv\u00e1szon. 49 cm hossz\u00fa \u00e9s 37 cm sz\u00e9les. (plusz a k\u00f6t\u0151)<\/p>\n<p>Mos\u00e1s: 40 fokon. Vasalhat\u00f3.<\/p>\n","protected":false},"featured_media":2041,"comment_status":"open","ping_status":"closed","template":"","meta":{"_et_pb_use_builder":"","_et_pb_old_content":"","_et_gb_content_width":""},"product_brand":[],"product_cat":[40,37,55,33],"product_tag":[],"class_list":{"0":"post-2040","1":"product","2":"type-product","3":"status-publish","4":"has-post-thumbnail","6":"product_cat-fius-szettek","7":"product_cat-konyhai-eszkozok","8":"product_cat-gyurodeszkak","9":"product_cat-kotenyek","11":"first","12":"instock","13":"shipping-taxable","14":"purchasable","15":"product-type-simple"},"_links":{"self":[{"href":"https:\/\/szeretetkonyham.com\/index.php?rest_route=\/wp\/v2\/product\/2040","targetHints":{"allow":["GET"]}}],"collection":[{"href":"https:\/\/szeretetkonyham.com\/index.php?rest_route=\/wp\/v2\/product"}],"about":[{"href":"https:\/\/szeretetkonyham.com\/index.php?rest_route=\/wp\/v2\/types\/product"}],"replies":[{"embeddable":true,"href":"https:\/\/szeretetkonyham.com\/index.php?rest_route=%2Fwp%2Fv2%2Fcomments&post=2040"}],"wp:featuredmedia":[{"embeddable":true,"href":"https:\/\/szeretetkonyham.com\/index.php?rest_route=\/wp\/v2\/media\/2041"}],"wp:attachment":[{"href":"https:\/\/szeretetkonyham.com\/index.php?rest_route=%2Fwp%2Fv2%2Fmedia&parent=2040"}],"wp:term":[{"taxonomy":"product_brand","embeddable":true,"href":"https:\/\/szeretetkonyham.com\/index.php?rest_route=%2Fwp%2Fv2%2Fproduct_brand&post=2040"},{"taxonomy":"product_cat","embeddable":true,"href":"https:\/\/szeretetkonyham.com\/index.php?rest_route=%2Fwp%2Fv2%2Fproduct_cat&post=2040"},{"taxonomy":"product_tag","embeddable":true,"href":"https:\/\/szeretetkonyham.com\/index.php?rest_route=%2Fwp%2Fv2%2Fproduct_tag&post=2040"}],"curies":[{"name":"wp","href":"https:\/\/api.w.org\/{rel}","templated":true}]}}