{"id":2062,"date":"2023-10-15T16:19:05","date_gmt":"2023-10-15T16:19:05","guid":{"rendered":"https:\/\/szeretetkonyham.hu\/?post_type=product&#038;p=2062"},"modified":"2024-01-11T09:51:53","modified_gmt":"2024-01-11T09:51:53","slug":"kiskanal-rozsaszin-cicas","status":"publish","type":"product","link":"https:\/\/szeretetkonyham.com\/?product=kiskanal-rozsaszin-cicas","title":{"rendered":"Kiskan\u00e1l (r\u00f3zsasz\u00edn cic\u00e1s)"},"content":{"rendered":"<p>A kanalakat nem aj\u00e1nlatos mosogat\u00f3g\u00e9pben mosni! Meleg \u00e9telt-italt lehet vel\u00fck enni, keverni. Anyaga h\u0151re l\u00e1gyul\u00f3 m\u0171anyag, \u00edgy kisgyerekek is b\u00e1tran a sz\u00e1jukba vehetik. Az \u00e1r darabra vonatkozik. 14 cm. A minta 6,5 cm hossz\u00fa.<\/p>\n<p><img loading=\"lazy\" decoding=\"async\" class=\"alignnone size-medium wp-image-2064\" src=\"https:\/\/szeretetkonyham.hu\/wp-content\/uploads\/2023\/10\/380280106_333585815919396_8142556955145499434_n-169x300.jpg\" alt=\"\" width=\"169\" height=\"300\" \/><img loading=\"lazy\" decoding=\"async\" class=\"alignnone size-medium wp-image-2063\" src=\"https:\/\/szeretetkonyham.hu\/wp-content\/uploads\/2023\/10\/380122876_224900450377352_4379049841096737483_n-169x300.jpg\" alt=\"\" width=\"169\" height=\"300\" \/><\/p>\n<p>&nbsp;<\/p>\n<p>&nbsp;<\/p>\n<p>&nbsp;<\/p>\n<p>&nbsp;<\/p>\n<p>&nbsp;<\/p>\n<p>&nbsp;<\/p>\n<p>&nbsp;<\/p>\n<p>&nbsp;<\/p>\n<p>&nbsp;<\/p>\n","protected":false},"excerpt":{"rendered":"<p>A kanalakat nem aj\u00e1nlatos mosogat\u00f3g\u00e9pben mosni! Meleg \u00e9telt-italt lehet vel\u00fck enni, keverni. Anyaga h\u0151re l\u00e1gyul\u00f3 m\u0171anyag, \u00edgy kisgyerekek is b\u00e1tran a sz\u00e1jukba vehetik.<br \/>\nAz \u00e1r darabra vonatkozik. 14 cm. A minta 4 cm hossz\u00fa.<\/p>\n<p>&nbsp;<\/p>\n","protected":false},"featured_media":2064,"comment_status":"open","ping_status":"closed","template":"","meta":{"_et_pb_use_builder":"","_et_pb_old_content":"","_et_gb_content_width":""},"product_brand":[],"product_cat":[52,64,37,41],"product_tag":[],"class_list":{"0":"post-2062","1":"product","2":"type-product","3":"status-publish","4":"has-post-thumbnail","6":"product_cat-evoeszkozok","7":"product_cat-kanalak","8":"product_cat-konyhai-eszkozok","9":"product_cat-lanyos-szettek","11":"first","12":"instock","13":"shipping-taxable","14":"purchasable","15":"product-type-simple"},"_links":{"self":[{"href":"https:\/\/szeretetkonyham.com\/index.php?rest_route=\/wp\/v2\/product\/2062","targetHints":{"allow":["GET"]}}],"collection":[{"href":"https:\/\/szeretetkonyham.com\/index.php?rest_route=\/wp\/v2\/product"}],"about":[{"href":"https:\/\/szeretetkonyham.com\/index.php?rest_route=\/wp\/v2\/types\/product"}],"replies":[{"embeddable":true,"href":"https:\/\/szeretetkonyham.com\/index.php?rest_route=%2Fwp%2Fv2%2Fcomments&post=2062"}],"wp:featuredmedia":[{"embeddable":true,"href":"https:\/\/szeretetkonyham.com\/index.php?rest_route=\/wp\/v2\/media\/2064"}],"wp:attachment":[{"href":"https:\/\/szeretetkonyham.com\/index.php?rest_route=%2Fwp%2Fv2%2Fmedia&parent=2062"}],"wp:term":[{"taxonomy":"product_brand","embeddable":true,"href":"https:\/\/szeretetkonyham.com\/index.php?rest_route=%2Fwp%2Fv2%2Fproduct_brand&post=2062"},{"taxonomy":"product_cat","embeddable":true,"href":"https:\/\/szeretetkonyham.com\/index.php?rest_route=%2Fwp%2Fv2%2Fproduct_cat&post=2062"},{"taxonomy":"product_tag","embeddable":true,"href":"https:\/\/szeretetkonyham.com\/index.php?rest_route=%2Fwp%2Fv2%2Fproduct_tag&post=2062"}],"curies":[{"name":"wp","href":"https:\/\/api.w.org\/{rel}","templated":true}]}}