{"id":2078,"date":"2023-10-15T16:36:49","date_gmt":"2023-10-15T16:36:49","guid":{"rendered":"https:\/\/szeretetkonyham.hu\/?post_type=product&#038;p=2078"},"modified":"2024-03-29T20:49:14","modified_gmt":"2024-03-29T20:49:14","slug":"kiskanal-betonkeveros","status":"publish","type":"product","link":"https:\/\/szeretetkonyham.com\/?product=kiskanal-betonkeveros","title":{"rendered":"Kiskan\u00e1l (betonkever\u0151s)"},"content":{"rendered":"<p>A kanalakat nem aj\u00e1nlatos mosogat\u00f3g\u00e9pben mosni! Meleg \u00e9telt-italt lehet vel\u00fck enni, keverni. Anyaga h\u0151re l\u00e1gyul\u00f3 m\u0171anyag, \u00edgy kisgyerekek is b\u00e1tran a sz\u00e1jukba vehetik. Az \u00e1r darabra vonatkozik. 14 cm. A minta 6 cm hossz\u00fa.<\/p>\n<p><img loading=\"lazy\" decoding=\"async\" class=\"alignnone size-medium wp-image-2079\" src=\"https:\/\/szeretetkonyham.hu\/wp-content\/uploads\/2023\/10\/380140016_1743702852759671_8173143882983009742_n-169x300.jpg\" alt=\"\" width=\"169\" height=\"300\" \/><img loading=\"lazy\" decoding=\"async\" class=\"alignnone size-medium wp-image-2080\" src=\"https:\/\/szeretetkonyham.hu\/wp-content\/uploads\/2023\/10\/380486842_1507065566709950_7042379521693522929_n-169x300.jpg\" alt=\"\" width=\"169\" height=\"300\" \/><img loading=\"lazy\" decoding=\"async\" class=\"alignnone size-medium wp-image-2081\" src=\"https:\/\/szeretetkonyham.hu\/wp-content\/uploads\/2023\/10\/380644431_685241960219117_7726771690881225849_n-169x300.jpg\" alt=\"\" width=\"169\" height=\"300\" \/><\/p>\n<p><img loading=\"lazy\" decoding=\"async\" class=\"alignnone wp-image-2077\" src=\"https:\/\/szeretetkonyham.hu\/wp-content\/uploads\/2023\/10\/380768987_749663570330440_870040101004656489_n-300x169.jpg\" alt=\"\" width=\"353\" height=\"199\" \/><\/p>\n<p>&nbsp;<\/p>\n<p>&nbsp;<\/p>\n<p>&nbsp;<\/p>\n<p>&nbsp;<\/p>\n<p>&nbsp;<\/p>\n<p>&nbsp;<\/p>\n<p>&nbsp;<\/p>\n<p>&nbsp;<\/p>\n<p>&nbsp;<\/p>\n","protected":false},"excerpt":{"rendered":"<p>A kanalakat nem aj\u00e1nlatos mosogat\u00f3g\u00e9pben mosni! Meleg \u00e9telt-italt lehet vel\u00fck enni, keverni. Anyaga h\u0151re l\u00e1gyul\u00f3 m\u0171anyag, \u00edgy kisgyerekek is b\u00e1tran a sz\u00e1jukba vehetik.<br \/>\nAz \u00e1r darabra vonatkozik. 14 cm. A minta 4 cm hossz\u00fa.<\/p>\n<p>&nbsp;<\/p>\n","protected":false},"featured_media":2081,"comment_status":"open","ping_status":"closed","template":"","meta":{"_et_pb_use_builder":"","_et_pb_old_content":"","_et_gb_content_width":""},"product_brand":[],"product_cat":[52,40,64,62,37],"product_tag":[],"class_list":{"0":"post-2078","1":"product","2":"type-product","3":"status-publish","4":"has-post-thumbnail","6":"product_cat-evoeszkozok","7":"product_cat-fius-szettek","8":"product_cat-kanalak","9":"product_cat-kiemelt-termekek","10":"product_cat-konyhai-eszkozok","12":"first","13":"instock","14":"shipping-taxable","15":"purchasable","16":"product-type-simple"},"_links":{"self":[{"href":"https:\/\/szeretetkonyham.com\/index.php?rest_route=\/wp\/v2\/product\/2078","targetHints":{"allow":["GET"]}}],"collection":[{"href":"https:\/\/szeretetkonyham.com\/index.php?rest_route=\/wp\/v2\/product"}],"about":[{"href":"https:\/\/szeretetkonyham.com\/index.php?rest_route=\/wp\/v2\/types\/product"}],"replies":[{"embeddable":true,"href":"https:\/\/szeretetkonyham.com\/index.php?rest_route=%2Fwp%2Fv2%2Fcomments&post=2078"}],"wp:featuredmedia":[{"embeddable":true,"href":"https:\/\/szeretetkonyham.com\/index.php?rest_route=\/wp\/v2\/media\/2081"}],"wp:attachment":[{"href":"https:\/\/szeretetkonyham.com\/index.php?rest_route=%2Fwp%2Fv2%2Fmedia&parent=2078"}],"wp:term":[{"taxonomy":"product_brand","embeddable":true,"href":"https:\/\/szeretetkonyham.com\/index.php?rest_route=%2Fwp%2Fv2%2Fproduct_brand&post=2078"},{"taxonomy":"product_cat","embeddable":true,"href":"https:\/\/szeretetkonyham.com\/index.php?rest_route=%2Fwp%2Fv2%2Fproduct_cat&post=2078"},{"taxonomy":"product_tag","embeddable":true,"href":"https:\/\/szeretetkonyham.com\/index.php?rest_route=%2Fwp%2Fv2%2Fproduct_tag&post=2078"}],"curies":[{"name":"wp","href":"https:\/\/api.w.org\/{rel}","templated":true}]}}