{"id":2128,"date":"2023-11-03T10:22:10","date_gmt":"2023-11-03T10:22:10","guid":{"rendered":"https:\/\/szeretetkonyham.hu\/?post_type=product&#038;p=2128"},"modified":"2024-12-23T14:15:50","modified_gmt":"2024-12-23T14:15:50","slug":"boldog-karacsonyt-sutiszaggato-es-pecset","status":"publish","type":"product","link":"https:\/\/szeretetkonyham.com\/?product=boldog-karacsonyt-sutiszaggato-es-pecset","title":{"rendered":"BOLDOG KAR\u00c1CSONYT! s\u00fctiszaggat\u00f3 \u00e9s pecs\u00e9t"},"content":{"rendered":"<p>Felejtsd el a hagyom\u00e1nyos s\u00fctiszaggat\u00f3t \u00e9s lepd meg csal\u00e1dtagjaidat, bar\u00e1taidat, k\u00fcl\u00f6nleges s\u00fctem\u00e9nykisz\u00far\u00f3val k\u00e9sz\u00edtett s\u00fctivel. Minden alkalomra tal\u00e1lsz n\u00e1lunk megfelel\u0151 kisz\u00far\u00f3t! A kisz\u00far\u00f3kat m\u00e1sra is fel tudod m\u00e9g haszn\u00e1lni, ak\u00e1r fondant, csokol\u00e1d\u00e9, vagy gy\u00fcm\u00f6lcs form\u00e1z\u00e1s\u00e1hoz is. Csak rajtad m\u00falik mit hozol ki bel\u0151le! Anyaga: PLA BIO \u00e9lelmiszeripari min\u0151s\u00edt\u00e9s\u0171 m\u0171anyag! A PLA biol\u00f3giailag leboml\u00f3 m\u0171anyag. Haszn\u00e1lati utas\u00edt\u00e1s: A form\u00e1kat haszn\u00e1lat el\u0151tt javasolt hideg v\u00edzzel r\u00f6vid ideig puha s\u00f6rt\u00e9j\u0171 kef\u00e9vel \u00e1tmosni. Haszn\u00e1lat ut\u00e1n a fent eml\u00edtett m\u00f3don tiszt\u00edthat\u00f3. (mosogat\u00f3g\u00e9pben, \u00e9s forr\u00f3 v\u00edzben NEM tiszt\u00edthat\u00f3) Praktikai tan\u00e1csok: Nyom\u00e1s el\u0151tt picit belisztezve nem tapad r\u00e1 nagy m\u00e9rt\u00e9kben a t\u00e9szta. Tiszt\u00e1ntart\u00e1s \u00e9s tapad\u00e1s \u00e9rdek\u00e9ben folpackot a t\u00e9szta \u00e9s a forma k\u00f6z\u00e9 t\u00e9ve is sz\u00e9p eredm\u00e9nyt \u00e9rhet\u00fcnk el.<\/p>\n<p>A term\u00e9kek sz\u00edne elt\u00e9rhet a k\u00e9pen l\u00e1tott\u00f3l!<\/p>\n<p>A forma m\u00e9rete: 8*8 cm.<\/p>\n<p><img loading=\"lazy\" decoding=\"async\" class=\"alignnone size-medium wp-image-2129\" src=\"https:\/\/szeretetkonyham.hu\/wp-content\/uploads\/2023\/11\/380694562_1335099710434257_6716721253097747192_n-245x300.jpg\" alt=\"\" width=\"245\" height=\"300\" \/><\/p>\n<p><img loading=\"lazy\" decoding=\"async\" class=\"alignnone size-medium wp-image-2130\" src=\"https:\/\/szeretetkonyham.hu\/wp-content\/uploads\/2023\/11\/380539839_875211740903542_6783946531450911482_n-269x300.jpg\" alt=\"\" width=\"269\" height=\"300\" \/><\/p>\n<p><img loading=\"lazy\" decoding=\"async\" class=\"alignnone size-medium wp-image-2131\" src=\"https:\/\/szeretetkonyham.hu\/wp-content\/uploads\/2023\/11\/371509582_633969275614497_7438642617336418173_n-271x300.jpg\" alt=\"\" width=\"271\" height=\"300\" \/><\/p>\n<p><img loading=\"lazy\" decoding=\"async\" class=\"alignnone size-medium wp-image-2125\" src=\"https:\/\/szeretetkonyham.hu\/wp-content\/uploads\/2023\/11\/363720102_300494292829904_838039367015315613_n-300x262.jpg\" alt=\"\" width=\"300\" height=\"262\" \/><\/p>\n<p><img loading=\"lazy\" decoding=\"async\" class=\"alignnone size-medium wp-image-2126\" src=\"https:\/\/szeretetkonyham.hu\/wp-content\/uploads\/2023\/11\/368013587_296140326628506_2131415863729495010_n-169x300.jpg\" alt=\"\" width=\"169\" height=\"300\" \/><\/p>\n<p><img loading=\"lazy\" decoding=\"async\" class=\"alignnone size-medium wp-image-2127\" src=\"https:\/\/szeretetkonyham.hu\/wp-content\/uploads\/2023\/11\/380598686_1358099248209629_5049718495826008673_n-258x300.jpg\" alt=\"\" width=\"258\" height=\"300\" \/><\/p>\n","protected":false},"excerpt":{"rendered":"<p>Anyaga: PLA BIO \u00e9lelmiszeripari min\u0151s\u00edt\u00e9s\u0171 m\u0171anyag! A PLA biol\u00f3giailag leboml\u00f3 m\u0171anyag. Haszn\u00e1lati utas\u00edt\u00e1s: A form\u00e1kat haszn\u00e1lat el\u0151tt javasolt hideg v\u00edzzel r\u00f6vid ideig puha s\u00f6rt\u00e9j\u0171 kef\u00e9vel \u00e1tmosni. Haszn\u00e1lat ut\u00e1n a fent eml\u00edtett m\u00f3don tiszt\u00edthat\u00f3. (mosogat\u00f3g\u00e9pben, \u00e9s forr\u00f3 v\u00edzben NEM tiszt\u00edthat\u00f3) Praktikai tan\u00e1csok: Nyom\u00e1s el\u0151tt picit belisztezve nem tapad r\u00e1 nagy m\u00e9rt\u00e9kben a t\u00e9szta. Tiszt\u00e1ntart\u00e1s \u00e9s tapad\u00e1s \u00e9rdek\u00e9ben folpackot a t\u00e9szta \u00e9s a forma k\u00f6z\u00e9 t\u00e9ve is sz\u00e9p eredm\u00e9nyt \u00e9rhet\u00fcnk el.<\/p>\n<p>A term\u00e9kek sz\u00edne elt\u00e9rhet a k\u00e9pen l\u00e1tott\u00f3l!<\/p>\n","protected":false},"featured_media":2129,"comment_status":"open","ping_status":"closed","template":"","meta":{"_et_pb_use_builder":"","_et_pb_old_content":"","_et_gb_content_width":""},"product_brand":[],"product_cat":[197,31,195],"product_tag":[],"class_list":{"0":"post-2128","1":"product","2":"type-product","3":"status-publish","4":"has-post-thumbnail","6":"product_cat-karacsony","7":"product_cat-sutiszaggatok-es-pecsetek","8":"product_cat-unnepi-formak","10":"first","11":"instock","12":"shipping-taxable","13":"purchasable","14":"product-type-simple"},"_links":{"self":[{"href":"https:\/\/szeretetkonyham.com\/index.php?rest_route=\/wp\/v2\/product\/2128","targetHints":{"allow":["GET"]}}],"collection":[{"href":"https:\/\/szeretetkonyham.com\/index.php?rest_route=\/wp\/v2\/product"}],"about":[{"href":"https:\/\/szeretetkonyham.com\/index.php?rest_route=\/wp\/v2\/types\/product"}],"replies":[{"embeddable":true,"href":"https:\/\/szeretetkonyham.com\/index.php?rest_route=%2Fwp%2Fv2%2Fcomments&post=2128"}],"wp:featuredmedia":[{"embeddable":true,"href":"https:\/\/szeretetkonyham.com\/index.php?rest_route=\/wp\/v2\/media\/2129"}],"wp:attachment":[{"href":"https:\/\/szeretetkonyham.com\/index.php?rest_route=%2Fwp%2Fv2%2Fmedia&parent=2128"}],"wp:term":[{"taxonomy":"product_brand","embeddable":true,"href":"https:\/\/szeretetkonyham.com\/index.php?rest_route=%2Fwp%2Fv2%2Fproduct_brand&post=2128"},{"taxonomy":"product_cat","embeddable":true,"href":"https:\/\/szeretetkonyham.com\/index.php?rest_route=%2Fwp%2Fv2%2Fproduct_cat&post=2128"},{"taxonomy":"product_tag","embeddable":true,"href":"https:\/\/szeretetkonyham.com\/index.php?rest_route=%2Fwp%2Fv2%2Fproduct_tag&post=2128"}],"curies":[{"name":"wp","href":"https:\/\/api.w.org\/{rel}","templated":true}]}}