{"id":527,"date":"2021-12-07T17:15:17","date_gmt":"2021-12-07T17:15:17","guid":{"rendered":"https:\/\/szeretetkonyham.hu\/?post_type=product&#038;p=527"},"modified":"2023-03-31T16:12:12","modified_gmt":"2023-03-31T16:12:12","slug":"mese-cicas-etkeszlet","status":"publish","type":"product","link":"https:\/\/szeretetkonyham.com\/?product=mese-cicas-etkeszlet","title":{"rendered":"MESE cic\u00e1s \u00e9tk\u00e9szlet"},"content":{"rendered":"<p>A term\u00e9kek Canesi Ildik\u00f3 egyedileg k\u00e9sz\u00edtett k\u00e9zm\u0171ves term\u00e9kei. Kemenc\u00e9ben ki\u00e9getve, professzion\u00e1lis technik\u00e1val k\u00e9sz\u00edti a festett porcel\u00e1nokat, gondolva arra hogy a tart\u00f3ss\u00e1g \u00e9s a k\u00f6nny\u0171 kezelhet\u0151s\u00e9g (nyugodtan mosogathat\u00f3 g\u00e9pben ak\u00e1r minden nap) legal\u00e1bb olyan fontos, mint a tetszet\u0151s diz\u00e1jn. A porcel\u00e1ngy\u00e1rban magas t\u0171z\u00f6n ki\u00e9getett \u00e9s transzparens m\u00e1zzal ell\u00e1tott t\u00e1rgyakat festi meg m\u00e1z feletti fest\u00e9si technik\u00e1val. Az egyik legjobb min\u0151s\u00e9g\u0171 \u00e9s tart\u00f3s, kop\u00e1s\u00e1ll\u00f3 fest\u00e9kekkel dolgozik. A fest\u00e9k speci\u00e1lis, 800 fokon a m\u00e1zba \u00e9g\u0151 por alakban kaphat\u00f3 pigment, ami csak szakboltb\u00f3l szerezhet\u0151 be. Ez a fest\u00e9k, mivel az \u00e9get\u00e9s sor\u00e1n egyes\u00fcl a m\u00e1zzal, garant\u00e1ltan ki\u00e1llja az id\u0151 pr\u00f3b\u00e1j\u00e1t. Ugyanolyan tart\u00f3s mint a gy\u00e1riak, teh\u00e1t nem a hobbista s\u00fct\u0151ben \u201cki\u00e9getett\u201d gyorsan megkop\u00f3 kateg\u00f3ria, vagy a szublim\u00e1ci\u00f3s elj\u00e1r\u00e1ssal k\u00e9sz\u00fclt f\u00e9nyk\u00e9pes aj\u00e1nd\u00e9kt\u00e1rgyak. A minta f\u00e9nyes, ragyog\u00f3 sz\u00edn\u0171 marad t\u00f6bb \u00e9ves haszn\u00e1lat ut\u00e1n is.<\/p>\n","protected":false},"excerpt":{"rendered":"<p>Egyedileg, k\u00e9zzel festett term\u00e9k, mely mikrohull\u00e1m\u00fa s\u00fct\u0151be \u00e9s mosogat\u00f3g\u00e9pbe tehet\u0151. A szett tartalma: lapos t\u00e1ny\u00e9r+m\u00e9ly t\u00e1ny\u00e9r \u00e9s b\u00f6gre.<\/p>\n","protected":false},"featured_media":528,"comment_status":"open","ping_status":"closed","template":"","meta":{"_et_pb_use_builder":"","_et_pb_old_content":"","_et_gb_content_width":""},"product_brand":[],"product_cat":[40,50,41,32,51],"product_tag":[],"class_list":{"0":"post-527","1":"product","2":"type-product","3":"status-publish","4":"has-post-thumbnail","6":"product_cat-fius-szettek","7":"product_cat-konyhai-eszkozok-etkeszletek","8":"product_cat-lanyos-szettek","9":"product_cat-mese-etkeszletek","10":"product_cat-tanyerok","12":"first","13":"outofstock","14":"shipping-taxable","15":"purchasable","16":"product-type-simple"},"_links":{"self":[{"href":"https:\/\/szeretetkonyham.com\/index.php?rest_route=\/wp\/v2\/product\/527","targetHints":{"allow":["GET"]}}],"collection":[{"href":"https:\/\/szeretetkonyham.com\/index.php?rest_route=\/wp\/v2\/product"}],"about":[{"href":"https:\/\/szeretetkonyham.com\/index.php?rest_route=\/wp\/v2\/types\/product"}],"replies":[{"embeddable":true,"href":"https:\/\/szeretetkonyham.com\/index.php?rest_route=%2Fwp%2Fv2%2Fcomments&post=527"}],"wp:featuredmedia":[{"embeddable":true,"href":"https:\/\/szeretetkonyham.com\/index.php?rest_route=\/wp\/v2\/media\/528"}],"wp:attachment":[{"href":"https:\/\/szeretetkonyham.com\/index.php?rest_route=%2Fwp%2Fv2%2Fmedia&parent=527"}],"wp:term":[{"taxonomy":"product_brand","embeddable":true,"href":"https:\/\/szeretetkonyham.com\/index.php?rest_route=%2Fwp%2Fv2%2Fproduct_brand&post=527"},{"taxonomy":"product_cat","embeddable":true,"href":"https:\/\/szeretetkonyham.com\/index.php?rest_route=%2Fwp%2Fv2%2Fproduct_cat&post=527"},{"taxonomy":"product_tag","embeddable":true,"href":"https:\/\/szeretetkonyham.com\/index.php?rest_route=%2Fwp%2Fv2%2Fproduct_tag&post=527"}],"curies":[{"name":"wp","href":"https:\/\/api.w.org\/{rel}","templated":true}]}}