{"id":552,"date":"2021-12-07T18:36:59","date_gmt":"2021-12-07T18:36:59","guid":{"rendered":"https:\/\/szeretetkonyham.hu\/?post_type=product&#038;p=552"},"modified":"2023-09-30T14:40:08","modified_gmt":"2023-09-30T14:40:08","slug":"mese-kiskanal-kaveszemes-beige","status":"publish","type":"product","link":"https:\/\/szeretetkonyham.com\/?product=mese-kiskanal-kaveszemes-beige","title":{"rendered":"Mese kiskan\u00e1l K\u00c1V\u00c9SZEMES BEIGE"},"content":{"rendered":"","protected":false},"excerpt":{"rendered":"<p>A m\u0171anyag d\u00edsz\u00edt\u00e9sek j\u00f3 min\u0151s\u00e9g\u0171 olasz, Gnali ev\u0151eszk\u00f6z\u00f6kre k\u00e9sz\u00fclnek. A kanalakat nem aj\u00e1nlatos mosogat\u00f3g\u00e9pben mosni, mert a minta \u00edgy 1-2 \u00e9v alatt t\u00f6nkremegy, azonban k\u00e9zzel mosogat\u00e1s eset\u00e9n t\u00f6bb 10 \u00e9vig vid\u00e1man haszn\u00e1lhat\u00f3ak. Meleg \u00e9telt-italt lehet vel\u00fck enni, keverni, hagyhatjuk meleg helyen, de a 100 fokos forr\u00f3 v\u00edzben felejtve megpuhulhat \u00e9s t\u00f6nkremehet a m\u0171anyag d\u00edsz\u00edt\u00e9s. Mivel m\u00e9rgez\u0151anyag nem old\u00f3dik ki a d\u00edsz\u00edt\u00e9sb\u0151l, ami polymer clay (h\u0151re l\u00e1gyul\u00f3 m\u0171anyag), \u00edgy kisgyerekek is b\u00e1tran a sz\u00e1jukba vehetik. Viszont vigy\u00e1zzunk r\u00e1, hogy er\u0151b\u0151l ne harapj\u00e1k a mint\u00e1t, nehogy elt\u00f6rj\u00f6n!<br \/>\nA minta esetleges s\u00e9r\u00fcl\u00e9se eset\u00e9n jav\u00edthat\u00f3, nem kell kidobni! Amennyiben mosogat\u00f3g\u00e9p tette t\u00f6nkre, nem jav\u00edthat\u00f3, csup\u00e1n cser\u00e9lhet\u0151.<\/p>\n<p>Az \u00e1r darabra vonatkozik. 14 cm.<\/p>\n","protected":false},"featured_media":553,"comment_status":"open","ping_status":"closed","template":"","meta":{"_et_pb_use_builder":"","_et_pb_old_content":"","_et_gb_content_width":""},"product_brand":[],"product_cat":[52,64],"product_tag":[],"class_list":{"0":"post-552","1":"product","2":"type-product","3":"status-publish","4":"has-post-thumbnail","6":"product_cat-evoeszkozok","7":"product_cat-kanalak","9":"first","10":"outofstock","11":"shipping-taxable","12":"purchasable","13":"product-type-simple"},"_links":{"self":[{"href":"https:\/\/szeretetkonyham.com\/index.php?rest_route=\/wp\/v2\/product\/552","targetHints":{"allow":["GET"]}}],"collection":[{"href":"https:\/\/szeretetkonyham.com\/index.php?rest_route=\/wp\/v2\/product"}],"about":[{"href":"https:\/\/szeretetkonyham.com\/index.php?rest_route=\/wp\/v2\/types\/product"}],"replies":[{"embeddable":true,"href":"https:\/\/szeretetkonyham.com\/index.php?rest_route=%2Fwp%2Fv2%2Fcomments&post=552"}],"wp:featuredmedia":[{"embeddable":true,"href":"https:\/\/szeretetkonyham.com\/index.php?rest_route=\/wp\/v2\/media\/553"}],"wp:attachment":[{"href":"https:\/\/szeretetkonyham.com\/index.php?rest_route=%2Fwp%2Fv2%2Fmedia&parent=552"}],"wp:term":[{"taxonomy":"product_brand","embeddable":true,"href":"https:\/\/szeretetkonyham.com\/index.php?rest_route=%2Fwp%2Fv2%2Fproduct_brand&post=552"},{"taxonomy":"product_cat","embeddable":true,"href":"https:\/\/szeretetkonyham.com\/index.php?rest_route=%2Fwp%2Fv2%2Fproduct_cat&post=552"},{"taxonomy":"product_tag","embeddable":true,"href":"https:\/\/szeretetkonyham.com\/index.php?rest_route=%2Fwp%2Fv2%2Fproduct_tag&post=552"}],"curies":[{"name":"wp","href":"https:\/\/api.w.org\/{rel}","templated":true}]}}