{"id":725,"date":"2021-12-08T16:03:36","date_gmt":"2021-12-08T16:03:36","guid":{"rendered":"https:\/\/szeretetkonyham.hu\/?post_type=product&#038;p=725"},"modified":"2024-03-07T06:20:58","modified_gmt":"2024-03-07T06:20:58","slug":"glutenmentes-vagodeszka-kicsi","status":"publish","type":"product","link":"https:\/\/szeretetkonyham.com\/?product=glutenmentes-vagodeszka-kicsi","title":{"rendered":"GLUT\u00c9NMENTES V\u00c1G\u00d3DESZKA, KICSI"},"content":{"rendered":"","protected":false},"excerpt":{"rendered":"<p>Kicsi Design k\u00e9zm\u0171ves grav\u00edrozott v\u00e1g\u00f3deszka. M\u00e9rete: 25 cm hossz\u00fa, 10 cm sz\u00e9les, 1,1 cm magas.<\/p>\n","protected":false},"featured_media":726,"comment_status":"open","ping_status":"closed","template":"","meta":{"_et_pb_use_builder":"","_et_pb_old_content":"","_et_gb_content_width":""},"product_brand":[],"product_cat":[43,30,54],"product_tag":[],"class_list":{"0":"post-725","1":"product","2":"type-product","3":"status-publish","4":"has-post-thumbnail","6":"product_cat-gluten-tej-es-tojasmentes-termekek","7":"product_cat-mentes-termekek","8":"product_cat-vagodeszkak","10":"first","11":"instock","12":"shipping-taxable","13":"purchasable","14":"product-type-simple"},"_links":{"self":[{"href":"https:\/\/szeretetkonyham.com\/index.php?rest_route=\/wp\/v2\/product\/725","targetHints":{"allow":["GET"]}}],"collection":[{"href":"https:\/\/szeretetkonyham.com\/index.php?rest_route=\/wp\/v2\/product"}],"about":[{"href":"https:\/\/szeretetkonyham.com\/index.php?rest_route=\/wp\/v2\/types\/product"}],"replies":[{"embeddable":true,"href":"https:\/\/szeretetkonyham.com\/index.php?rest_route=%2Fwp%2Fv2%2Fcomments&post=725"}],"wp:featuredmedia":[{"embeddable":true,"href":"https:\/\/szeretetkonyham.com\/index.php?rest_route=\/wp\/v2\/media\/726"}],"wp:attachment":[{"href":"https:\/\/szeretetkonyham.com\/index.php?rest_route=%2Fwp%2Fv2%2Fmedia&parent=725"}],"wp:term":[{"taxonomy":"product_brand","embeddable":true,"href":"https:\/\/szeretetkonyham.com\/index.php?rest_route=%2Fwp%2Fv2%2Fproduct_brand&post=725"},{"taxonomy":"product_cat","embeddable":true,"href":"https:\/\/szeretetkonyham.com\/index.php?rest_route=%2Fwp%2Fv2%2Fproduct_cat&post=725"},{"taxonomy":"product_tag","embeddable":true,"href":"https:\/\/szeretetkonyham.com\/index.php?rest_route=%2Fwp%2Fv2%2Fproduct_tag&post=725"}],"curies":[{"name":"wp","href":"https:\/\/api.w.org\/{rel}","templated":true}]}}