{"id":778,"date":"2021-12-09T23:00:21","date_gmt":"2021-12-09T23:00:21","guid":{"rendered":"https:\/\/szeretetkonyham.hu\/?post_type=product&#038;p=778"},"modified":"2023-12-16T20:08:07","modified_gmt":"2023-12-16T20:08:07","slug":"kukasauto-sutiszaggato-es-pecset","status":"publish","type":"product","link":"https:\/\/szeretetkonyham.com\/?product=kukasauto-sutiszaggato-es-pecset","title":{"rendered":"KUK\u00c1SAUT\u00d3 s\u00fctiszaggat\u00f3 \u00e9s pecs\u00e9t"},"content":{"rendered":"<p>Felejtsd el a hagyom\u00e1nyos pog\u00e1csaszaggat\u00f3t \u00e9s lepd meg csal\u00e1dtagjaidat, bar\u00e1taidat, k\u00fcl\u00f6nleges s\u00fctem\u00e9nykisz\u00far\u00f3val k\u00e9sz\u00edtett s\u00fctivel. Minden alkalomra tal\u00e1lsz n\u00e1lunk megfelel\u0151 kisz\u00far\u00f3t! A kisz\u00far\u00f3kat m\u00e1sra is fel tudod m\u00e9g haszn\u00e1lni, ak\u00e1r fondant, csokol\u00e1d\u00e9, vagy gy\u00fcm\u00f6lcs form\u00e1z\u00e1s\u00e1hoz is. Csak rajtad m\u00falik mit hozol ki bel\u0151le! Anyaga: PLA BIO \u00e9lelmiszeripari min\u0151s\u00edt\u00e9s\u0171 m\u0171anyag! A PLA biol\u00f3giailag leboml\u00f3 m\u0171anyag. Haszn\u00e1lati utas\u00edt\u00e1s: A form\u00e1kat haszn\u00e1lat el\u0151tt javasolt hideg v\u00edzzel r\u00f6vid ideig puha s\u00f6rt\u00e9j\u0171 kef\u00e9vel \u00e1tmosni. Haszn\u00e1lat ut\u00e1n a fent eml\u00edtett m\u00f3don tiszt\u00edthat\u00f3. (mosogat\u00f3g\u00e9pben, \u00e9s forr\u00f3 v\u00edzben NEM tiszt\u00edthat\u00f3) Praktikai tan\u00e1csok: Nyom\u00e1s el\u0151tt picit belisztezve nem tapad r\u00e1 nagy m\u00e9rt\u00e9kben a t\u00e9szta. Tiszt\u00e1ntart\u00e1s \u00e9s tapad\u00e1s \u00e9rdek\u00e9ben folpackot a t\u00e9szta \u00e9s a forma k\u00f6z\u00e9 t\u00e9ve is sz\u00e9p eredm\u00e9nyt \u00e9rhet\u00fcnk el.<\/p>\n<p>A term\u00e9kek sz\u00edne elt\u00e9rhet a k\u00e9pen l\u00e1tott\u00f3l!<\/p>\n","protected":false},"excerpt":{"rendered":"<p>Anyaga: PLA BIO \u00e9lelmiszeripari min\u0151s\u00edt\u00e9s\u0171 m\u0171anyag! A PLA biol\u00f3giailag leboml\u00f3 m\u0171anyag. Haszn\u00e1lati utas\u00edt\u00e1s: A form\u00e1kat haszn\u00e1lat el\u0151tt javasolt hideg v\u00edzzel r\u00f6vid ideig puha s\u00f6rt\u00e9j\u0171 kef\u00e9vel \u00e1tmosni. Haszn\u00e1lat ut\u00e1n a fent eml\u00edtett m\u00f3don tiszt\u00edthat\u00f3. (mosogat\u00f3g\u00e9pben, \u00e9s forr\u00f3 v\u00edzben NEM tiszt\u00edthat\u00f3) Praktikai tan\u00e1csok: Nyom\u00e1s el\u0151tt picit belisztezve nem tapad r\u00e1 nagy m\u00e9rt\u00e9kben a t\u00e9szta. Tiszt\u00e1ntart\u00e1s \u00e9s tapad\u00e1s \u00e9rdek\u00e9ben folpackot a t\u00e9szta \u00e9s a forma k\u00f6z\u00e9 t\u00e9ve is sz\u00e9p eredm\u00e9nyt \u00e9rhet\u00fcnk el.<\/p>\n<p>A term\u00e9kek sz\u00edne elt\u00e9rhet a k\u00e9pen l\u00e1tott\u00f3l!<\/p>\n","protected":false},"featured_media":1192,"comment_status":"open","ping_status":"closed","template":"","meta":{"_et_pb_use_builder":"","_et_pb_old_content":"","_et_gb_content_width":""},"product_brand":[],"product_cat":[40,201,192,31],"product_tag":[],"class_list":{"0":"post-778","1":"product","2":"type-product","3":"status-publish","4":"has-post-thumbnail","6":"product_cat-fius-szettek","7":"product_cat-jarmuvek","8":"product_cat-munkagepes-jarmuvek","9":"product_cat-sutiszaggatok-es-pecsetek","11":"first","12":"instock","13":"shipping-taxable","14":"purchasable","15":"product-type-simple"},"_links":{"self":[{"href":"https:\/\/szeretetkonyham.com\/index.php?rest_route=\/wp\/v2\/product\/778","targetHints":{"allow":["GET"]}}],"collection":[{"href":"https:\/\/szeretetkonyham.com\/index.php?rest_route=\/wp\/v2\/product"}],"about":[{"href":"https:\/\/szeretetkonyham.com\/index.php?rest_route=\/wp\/v2\/types\/product"}],"replies":[{"embeddable":true,"href":"https:\/\/szeretetkonyham.com\/index.php?rest_route=%2Fwp%2Fv2%2Fcomments&post=778"}],"wp:featuredmedia":[{"embeddable":true,"href":"https:\/\/szeretetkonyham.com\/index.php?rest_route=\/wp\/v2\/media\/1192"}],"wp:attachment":[{"href":"https:\/\/szeretetkonyham.com\/index.php?rest_route=%2Fwp%2Fv2%2Fmedia&parent=778"}],"wp:term":[{"taxonomy":"product_brand","embeddable":true,"href":"https:\/\/szeretetkonyham.com\/index.php?rest_route=%2Fwp%2Fv2%2Fproduct_brand&post=778"},{"taxonomy":"product_cat","embeddable":true,"href":"https:\/\/szeretetkonyham.com\/index.php?rest_route=%2Fwp%2Fv2%2Fproduct_cat&post=778"},{"taxonomy":"product_tag","embeddable":true,"href":"https:\/\/szeretetkonyham.com\/index.php?rest_route=%2Fwp%2Fv2%2Fproduct_tag&post=778"}],"curies":[{"name":"wp","href":"https:\/\/api.w.org\/{rel}","templated":true}]}}